{"id":1029,"date":"2019-11-28T20:29:52","date_gmt":"2019-11-28T19:29:52","guid":{"rendered":"http:\/\/trampoline.edu.pl\/przedszkole\/?page_id=1029"},"modified":"2025-01-31T10:10:05","modified_gmt":"2025-01-31T09:10:05","slug":"cennik","status":"publish","type":"page","link":"http:\/\/trampoline.edu.pl\/przedszkole\/cennik\/?lang=fr","title":{"rendered":"Frais De Scolarit\u00e9"},"content":{"rendered":"<p style=\"text-align: center;\">Prix valables \u00e0 l&#8217;\u00e9cole maternelle franco-polonaise Trampoline<br \/>\n<strong>TOUS LES GROUPES D&#8217;AGE<\/strong> (de 7h45 \u00e0 17h00)<br \/>\nFRAIS D&#8217;INSCRIPTION: 2800 PLN<\/p>\n<p style=\"text-align: center;\"><strong><span style=\"color: #ffcc00;\">FRAIS MENSUEL:<\/span><\/strong><\/p>\n<p class=\"Standard\" style=\"margin-bottom: 0.0001pt; line-height: normal; text-align: center;\">&#8211; 2800 PLN de frais de scolarit\u00e9;<br \/>\n\u2013 30\/35 pln( di\u00e8tes) \u00a0les repas par jour<\/p>\n<h5 style=\"text-align: center;\"><span style=\"color: #ffb600;\">LE PRIX COMPREND:<\/span><\/h5>\n<p style=\"text-align: center;\">&#8211; la prise en charge de deux \u00e9ducateurs &#8211; selon le principe &#8222;une personne &#8211; une langue&#8221;: l&#8217;un des \u00e9ducateurs n&#8217;utilise que la langue polonaise au contact des enfants, tandis que l&#8217;autre utilise uniquement la langue fran\u00e7aise,<br \/>\n&#8211; 3 repas par jour,<br \/>\n&#8211; des cours de rythmique,<br \/>\n&#8211; gymnastique corrective.<\/p>\n","protected":false},"excerpt":{"rendered":"<p>Prix valables \u00e0 l&#8217;\u00e9cole maternelle franco-polonaise Trampoline TOUS LES GROUPES D&#8217;AGE (de 7h45 \u00e0 17h00) FRAIS D&#8217;INSCRIPTION: 2800 PLN FRAIS MENSUEL: &#8211; 2800 PLN de frais de scolarit\u00e9; \u2013 30\/35 pln( di\u00e8tes) \u00a0les repas par jour LE PRIX COMPREND: &#8211; la prise en charge de deux \u00e9ducateurs &#8211; selon le principe &#8222;une personne &#8211; une [&hellip;]<\/p>\n","protected":false},"author":1,"featured_media":0,"parent":0,"menu_order":0,"comment_status":"closed","ping_status":"closed","template":"cennik.php","meta":[],"_links":{"self":[{"href":"http:\/\/trampoline.edu.pl\/przedszkole\/wp-json\/wp\/v2\/pages\/1029"}],"collection":[{"href":"http:\/\/trampoline.edu.pl\/przedszkole\/wp-json\/wp\/v2\/pages"}],"about":[{"href":"http:\/\/trampoline.edu.pl\/przedszkole\/wp-json\/wp\/v2\/types\/page"}],"author":[{"embeddable":true,"href":"http:\/\/trampoline.edu.pl\/przedszkole\/wp-json\/wp\/v2\/users\/1"}],"replies":[{"embeddable":true,"href":"http:\/\/trampoline.edu.pl\/przedszkole\/wp-json\/wp\/v2\/comments?post=1029"}],"version-history":[{"count":10,"href":"http:\/\/trampoline.edu.pl\/przedszkole\/wp-json\/wp\/v2\/pages\/1029\/revisions"}],"predecessor-version":[{"id":1338,"href":"http:\/\/trampoline.edu.pl\/przedszkole\/wp-json\/wp\/v2\/pages\/1029\/revisions\/1338"}],"wp:attachment":[{"href":"http:\/\/trampoline.edu.pl\/przedszkole\/wp-json\/wp\/v2\/media?parent=1029"}],"curies":[{"name":"wp","href":"https:\/\/api.w.org\/{rel}","templated":true}]}}