{"id":1046,"date":"2019-11-28T20:37:25","date_gmt":"2019-11-28T19:37:25","guid":{"rendered":"http:\/\/trampoline.edu.pl\/przedszkole\/?page_id=1046"},"modified":"2024-03-15T08:58:29","modified_gmt":"2024-03-15T07:58:29","slug":"organizacja","status":"publish","type":"page","link":"http:\/\/trampoline.edu.pl\/przedszkole\/organizacja\/?lang=fr","title":{"rendered":"L&#8217;organisation"},"content":{"rendered":"<p style=\"text-align: center;\"><strong>LES GROUPES<\/strong><\/p>\n<p style=\"text-align: center;\">La maternelle a six groupes, divis\u00e9e en tranches d&#8217;\u00e2ge suivantes :<\/p>\n<p style=\"text-align: center;\"><span style=\"color: #ff9900;\">Toute Petite Section<strong>: <\/strong><span style=\"color: #000000;\">2,5 ans<\/span><br \/>\nLes Petits (PS &#8211; Petite section): <span style=\"color: #000000;\">3 ans<\/span><\/span><br \/>\n<span style=\"color: #ff9900;\">Les Moyens (MS &#8211; Moyenne Section):\u00a0 <span style=\"color: #000000;\">4 ans\u00a0 <\/span><\/span><br \/>\n<span style=\"color: #ff9900;\">Les Grandq (GS &#8211; Grande Section): <span style=\"color: #000000;\">5 ans<\/span><br \/>\nLa CP : <span style=\"color: #000000;\">6 ans<br \/>\n<\/span><\/span><\/p>\n<p style=\"text-align: center;\">\n<p style=\"text-align: center;\"><strong>HEURES D&#8217;OUVERTURE<\/strong><\/p>\n<p style=\"text-align: center;\">\u00a0 7h45-17h00 du lundi au vendredi<\/p>\n<p style=\"text-align: center;\">17h00 \u2013 17h30 garderie<\/p>\n<p style=\"text-align: center;\"><strong>LA CUISINE<\/strong><\/p>\n<p style=\"text-align: center;\">L&#8217;\u00e9cole maternelle fournit trois repas sains dans la journ\u00e9e, pr\u00e9par\u00e9s sur place par notre chef de cuisine. Il est possible de choisir un r\u00e9gime alimentaire pour les enfants souffrant d&#8217;allergies alimentaires.Notre \u00e9tablissement participe au programme &#8222;Szko\u0142a na Widelcu&#8221;.<\/p>\n","protected":false},"excerpt":{"rendered":"<p>LES GROUPES La maternelle a six groupes, divis\u00e9e en tranches d&#8217;\u00e2ge suivantes : Toute Petite Section: 2,5 ans Les Petits (PS &#8211; Petite section): 3 ans Les Moyens (MS &#8211; Moyenne Section):\u00a0 4 ans\u00a0 Les Grandq (GS &#8211; Grande Section): 5 ans La CP : 6 ans HEURES D&#8217;OUVERTURE \u00a0 7h45-17h00 du lundi au vendredi [&hellip;]<\/p>\n","protected":false},"author":1,"featured_media":895,"parent":0,"menu_order":0,"comment_status":"closed","ping_status":"closed","template":"content.php","meta":[],"_links":{"self":[{"href":"http:\/\/trampoline.edu.pl\/przedszkole\/wp-json\/wp\/v2\/pages\/1046"}],"collection":[{"href":"http:\/\/trampoline.edu.pl\/przedszkole\/wp-json\/wp\/v2\/pages"}],"about":[{"href":"http:\/\/trampoline.edu.pl\/przedszkole\/wp-json\/wp\/v2\/types\/page"}],"author":[{"embeddable":true,"href":"http:\/\/trampoline.edu.pl\/przedszkole\/wp-json\/wp\/v2\/users\/1"}],"replies":[{"embeddable":true,"href":"http:\/\/trampoline.edu.pl\/przedszkole\/wp-json\/wp\/v2\/comments?post=1046"}],"version-history":[{"count":6,"href":"http:\/\/trampoline.edu.pl\/przedszkole\/wp-json\/wp\/v2\/pages\/1046\/revisions"}],"predecessor-version":[{"id":1272,"href":"http:\/\/trampoline.edu.pl\/przedszkole\/wp-json\/wp\/v2\/pages\/1046\/revisions\/1272"}],"wp:featuredmedia":[{"embeddable":true,"href":"http:\/\/trampoline.edu.pl\/przedszkole\/wp-json\/wp\/v2\/media\/895"}],"wp:attachment":[{"href":"http:\/\/trampoline.edu.pl\/przedszkole\/wp-json\/wp\/v2\/media?parent=1046"}],"curies":[{"name":"wp","href":"https:\/\/api.w.org\/{rel}","templated":true}]}}