{"id":239,"date":"2016-10-10T11:13:10","date_gmt":"2016-10-10T09:13:10","guid":{"rendered":"http:\/\/trampoline.edu.pl\/?page_id=239"},"modified":"2026-04-21T10:53:56","modified_gmt":"2026-04-21T08:53:56","slug":"zajecia-dodatkowe","status":"publish","type":"page","link":"http:\/\/trampoline.edu.pl\/przedszkole\/zajecia-dodatkowe\/","title":{"rendered":"Zaj\u0119cia dodatkowe"},"content":{"rendered":"<div class=\"itemFullText\">\n<div class=\"inside\" style=\"text-align: center;\">Przedszkole Trampoline oferuje nast\u0119puj\u0105ce zaj\u0119cia fakultatywne:<br \/>\nZapisu dokonujemy tylko poprzez wpis na list\u0119 umieszczon\u0105 na tablicy \/nie przyjmujemy zapis\u00f3w drog\u0105 mailow\u0105\/.<br \/>\nZaj\u0119cia dodatkowe rozpoczynaj\u0105 si\u0119 w pierwszym tygodniu pa\u017adziernika.<\/p>\n<div class=\"itemFullText\" style=\"text-align: center;\">\n<div class=\"block center\">\n<h3 class=\"title\">PROJEKT MUZYKA<\/h3>\n<p>autorski program zaj\u0119\u0107 umuzykalniaj\u0105cych, kszta\u0142tuj\u0105cy wra\u017cliwo\u015b\u0107 muzyczn\u0105. Na ka\u017cdym spotkaniu<br \/>\ndzieci dowiadywa\u0107 si\u0119 b\u0119d\u0105 czym jest melodia, rytm, harmonia, dlaczego d\u017awi\u0119ki maj\u0105 r\u00f3\u017cn\u0105<br \/>\nwysoko\u015b\u0107 i brzmienie, poznaj\u0105 r\u00f3\u017cne instrumenty i sami poprzez zabawy oraz wsp\u00f3lne muzykowanie<br \/>\nb\u0119d\u0105 mieli okazj\u0119 odkry\u0107 najwa\u017cniejsze elementy muzycznego \u015bwiata.<\/p><\/div>\n<div class=\"block center\">\nProwadz\u0105ca: Aleksandra Korpak<\/div>\n<div class=\"block center\">Wiek uczestnik\u00f3w: 3-6 lat<\/p>\n<h3>ENGLISH &amp; READING (grupy m\u0142odsze)<\/h3>\n<p>Celem zaj\u0119\u0107 jest nauka j\u0119zyka angielskiego oraz rozw\u00f3j podstawowych<br \/>\numiej\u0119tno\u015bci czytania (w tym proste \u0107wiczenia foniczne z polskimi literami)<br \/>\npoprzez dynamiczne, pe\u0142ne zabawy i interakcji zaj\u0119cia. Regularna, indywidualna praca<br \/>\nbardzo wspiera rozw\u00f3j kompetencji. Szczeg\u00f3\u0142owy program mo\u017ce by\u0107 dostosowany do<br \/>\nka\u017cdego dziecka w porozumieniu z rodzicami.<br \/>\nAdam Azari entuzjasta j\u0119zyka angielskiego oraz metod wczesnej nauki czytania, nauczy\u0142 swoj\u0105 c\u00f3rk\u0119<br \/>\nId\u0119 czyta\u0107 p\u0142ynnie w dw\u00f3ch j\u0119zykach (polskim i<br \/>\nangielskim) zanim uko\u0144czy\u0142a cztery lata (!). Adam ma szerok\u0105 wiedz\u0119 na temat nauki<br \/>\nczytania we wczesnym wieku i jest entuzjast\u0105 edukacji przedszkolnej i wczesnoszkolnej.<br \/>\nUko\u0144czy\u0142 filozofi\u0119 na Uniwersytecie w Tel Awiwie.<br \/>\nOferujemy trzy 15-minutowe lekcje tygodniowo w trzyosobowych grupach w cenie 75z\u0142<br \/>\nza tydzie\u0144. Adam z entuzjazmem wspiera rodzic\u00f3w i dzieci, pomagaj\u0105c im maksymalnie<br \/>\nwykorzysta\u0107 ten czas.<\/p><\/div>\n<div class=\"block center\">\nWiek uczestnik\u00f3w: 3-5 lat<\/div>\n<h3>ANGIELSKI (grupy starsze)<\/h3>\n<p>Lekcje angielskiego oparte na trzech filarach:<br \/>\n-ruchu, kt\u00f3ry wyzwala energi\u0119 do nauki,<br \/>\n&#8211; muzyce, kt\u00f3ra u\u0142atwia zapami\u0119tywanie,<br \/>\n&#8211; kreatywno\u015bci, kt\u00f3ra pobudza wyobra\u017ani\u0119.<br \/>\nZaj\u0119cia poprowadzi utalentowana i uwielbiana przez maluchy nauczycielka &#8211; Pani Marianna Solarz.<\/p><\/div>\n<div class=\"itemFullText\" style=\"text-align: center;\">\nWiek uczestnik\u00f3w: 5-6 lat<\/p>\n<div class=\"block center\">\n<h3 class=\"title\">JOGA<\/h3>\n<p>Zaj\u0119cia jogi to czas na ruch i dobr\u0105 zabaw\u0119. \u0106wiczenia na macie wzmacniaj\u0105 koordynacj\u0119 ruchow\u0105,<br \/>\nwspieraj\u0105 prawid\u0142ow\u0105 postaw\u0119 cia\u0142a i rozwijaj\u0105 umiej\u0119tno\u015b\u0107, koncentracji.<br \/>\nZaj\u0119cia poprowadzi Pani Agnieszka Petrumi &#8211; instruktorka jogi, z kt\u00f3r\u0105 od lat z rado\u015bci\u0105<br \/>\nwsp\u00f3\u0142pracujemy.<\/p><\/div>\n<div class=\"block center\">\nWiek uczestnik\u00f3w: 3-6 lat<\/p>\n<h3 class=\"title\">MINDFULNESS DLA DZIECI<\/h3>\n<p>Zaj\u0119cia, podczas kt\u00f3rych, dzieci w atmosferze zabawy rozwijaj\u0105 swoj\u0105 uwa\u017cno\u015b\u0107, ucz\u0105 si\u0119 koncentracji, radzenia sobie ze stresem, lepszego zrozumienia swoich emocji oraz akceptacji siebie i innych.<br \/>\nZaj\u0119cia poprowadzi instruktorka mindfulness dla dzieci: Magda Pstrzoch-Momot, aktorka oraz uczestniczka licznych kurs\u00f3w i szkole\u0144 z uwa\u017cno\u015bci oraz pracy z cia\u0142em i oddechem. Z pasj\u0105 i ciep\u0142em wspiera najm\u0142odszych w odkrywaniu spokoju i r\u00f3wnowagi.<\/p><\/div>\n<div class=\"block center\">\nWiek uczestnik\u00f3w: 4-6<\/div>\n<\/div>\n<h3 style=\"text-align: center;\">JUDO<\/h3>\n<p>istot\u0105 zaj\u0119\u0107 jest przede wszystkim ruch i dobra zabawa. Treningi bazuj\u0105 na elementach judo (nauka<br \/>\nbezpiecznego upadania), zawieraj\u0105 r\u00f3wnie\u017c elementy gimnastyczne, gry i zabawy oraz r\u00f3\u017cnego<br \/>\nrodzaju zadania sprawno\u015bciowe. \u0106wiczenia s\u0105 cz\u0119sto zmieniane, utrzymane w tempie i zaplanowane<br \/>\nw ten spos\u00f3b, aby utrzyma\u0107 koncentracj\u0119 dzieci.<br \/>\nProwadz\u0105cy \u2013 Rados\u0142aw Koszczy\u0144ski, \u00a0posiadacz stopnia mistrzowskiego 3 Dan,\u00a0 wielokrotny<br \/>\nmedalista Mistrzostw Polski oraz Pucharu Europy.\u00a0 Na zaj\u0119ciach zwraca uwag\u0119 na bezpiecze\u0144stwo,<br \/>\ndyscyplin\u0119 oraz dobr\u0105 atmosfer\u0119.<\/p><\/div>\n<div><\/div>\n<div class=\"inside\" style=\"text-align: center;\">Wiek uczestnik\u00f3w: 3-6<\/p>\n<h3 style=\"text-align: center;\">GIMNASTYKA KOREKCYJNA<\/h3>\n<p>Zaj\u0119cia ruchowe, kt\u00f3re poprzez zabaw\u0119 wspieraj\u0105 prawid\u0142owy rozw\u00f3j dziecka -pomagaj\u0105 w<br \/>\nkszta\u0142towaniu prawid\u0142owej postawy, wzmacniaj\u0105 mi\u0119\u015bnie st\u00f3p, brzucha i grzbietu, a tak\u017ce poprawiaj\u0105<br \/>\nog\u00f3ln\u0105 sprawno\u015b\u0107 i koordynacj\u0119. Zaj\u0119cia poprowadzi nasza Pani Asia Bogda\u0144ska, magister fizjoterapii<br \/>\noraz uczestniczka licznych szkole\u0144 z zakresu wad postawy.<\/p><\/div>\n<div class=\"inside\" style=\"text-align: center;\">\nWiek uczestnik\u00f3w: 3-6<\/p>\n<h3>PIANINO<\/h3>\n<p>Indywidualne zaj\u0119cia gry na pianinie z elementami metody Suzuki &#8211; pe\u0142ne zabawy i muzycznych<br \/>\nodkry\u0107. Rozwijaj\u0105 koncentracj\u0119, pami\u0119\u0107 muzyczn\u0105, ma\u0142\u0105 motoryk\u0119 i koordynacj\u0119 ruchow\u0105. Zaj\u0119cia<br \/>\npoprowadzi pani Krystyna Bara\u0144ska, nauczycielka gry na fortepianie oraz certyfikowany trener<br \/>\nmetody Suzuki.<\/p><\/div>\n<div class=\"inside\" style=\"text-align: center;\">\nWiek uczestnik\u00f3w: 4-6 lat<\/div>\n<\/div>\n","protected":false},"excerpt":{"rendered":"<p>Przedszkole Trampoline oferuje nast\u0119puj\u0105ce zaj\u0119cia fakultatywne: Zapisu dokonujemy tylko poprzez wpis na list\u0119 umieszczon\u0105 na tablicy \/nie przyjmujemy zapis\u00f3w drog\u0105 mailow\u0105\/. Zaj\u0119cia dodatkowe rozpoczynaj\u0105 si\u0119 w pierwszym tygodniu pa\u017adziernika. PROJEKT MUZYKA autorski program zaj\u0119\u0107 umuzykalniaj\u0105cych, kszta\u0142tuj\u0105cy wra\u017cliwo\u015b\u0107 muzyczn\u0105. Na ka\u017cdym spotkaniu dzieci dowiadywa\u0107 si\u0119 b\u0119d\u0105 czym jest melodia, rytm, harmonia, dlaczego d\u017awi\u0119ki maj\u0105 r\u00f3\u017cn\u0105 wysoko\u015b\u0107 [&hellip;]<\/p>\n","protected":false},"author":1,"featured_media":646,"parent":0,"menu_order":0,"comment_status":"closed","ping_status":"closed","template":"content.php","meta":[],"_links":{"self":[{"href":"http:\/\/trampoline.edu.pl\/przedszkole\/wp-json\/wp\/v2\/pages\/239"}],"collection":[{"href":"http:\/\/trampoline.edu.pl\/przedszkole\/wp-json\/wp\/v2\/pages"}],"about":[{"href":"http:\/\/trampoline.edu.pl\/przedszkole\/wp-json\/wp\/v2\/types\/page"}],"author":[{"embeddable":true,"href":"http:\/\/trampoline.edu.pl\/przedszkole\/wp-json\/wp\/v2\/users\/1"}],"replies":[{"embeddable":true,"href":"http:\/\/trampoline.edu.pl\/przedszkole\/wp-json\/wp\/v2\/comments?post=239"}],"version-history":[{"count":34,"href":"http:\/\/trampoline.edu.pl\/przedszkole\/wp-json\/wp\/v2\/pages\/239\/revisions"}],"predecessor-version":[{"id":1403,"href":"http:\/\/trampoline.edu.pl\/przedszkole\/wp-json\/wp\/v2\/pages\/239\/revisions\/1403"}],"wp:featuredmedia":[{"embeddable":true,"href":"http:\/\/trampoline.edu.pl\/przedszkole\/wp-json\/wp\/v2\/media\/646"}],"wp:attachment":[{"href":"http:\/\/trampoline.edu.pl\/przedszkole\/wp-json\/wp\/v2\/media?parent=239"}],"curies":[{"name":"wp","href":"https:\/\/api.w.org\/{rel}","templated":true}]}}