{"id":243,"date":"2016-10-10T11:14:34","date_gmt":"2016-10-10T09:14:34","guid":{"rendered":"http:\/\/trampoline.edu.pl\/?page_id=243"},"modified":"2024-03-15T08:56:39","modified_gmt":"2024-03-15T07:56:39","slug":"organizacja","status":"publish","type":"page","link":"http:\/\/trampoline.edu.pl\/przedszkole\/organizacja\/","title":{"rendered":"Organizacja"},"content":{"rendered":"<p style=\"text-align: center;\"><strong>GRUPY<\/strong><\/p>\n<p style=\"text-align: center;\">Przedszkole Trampoline jest plac\u00f3wk\u0105 sze\u015bcioodzia\u0142ow\u0105, pracujemy w nast\u0119puj\u0105cych grupach wiekowych:<\/p>\n<p style=\"text-align: center;\"><strong><span style=\"color: #ffb600;\">Grupa TPS- Toute Petite Section: <\/span><\/strong><span style=\"color: #000000;\">2,5 latki <\/span><strong><span style=\"color: #ffb600;\"><br \/>\nMaluchy (PS &#8211; Petite Section):<\/span><\/strong> 3-latki<br \/>\n<span style=\"color: #ffb600;\"><strong>\u015aredniaki (MS &#8211; Moyenne Section):<\/strong><\/span> 4- latki<br \/>\n<span style=\"color: #ffb600;\"><strong>Starszaki (GS &#8211; Grande Section):<\/strong><\/span> 5- latki<br \/>\n<span style=\"color: #ffb600;\"><strong>ZER\u00d3WKA (CP): <\/strong><\/span>6 lat<\/p>\n<p style=\"text-align: center;\"><strong>GODZINY PRACY PLAC\u00d3WKI<\/strong><\/p>\n<p style=\"text-align: center;\">\u00a07.45-17.00 od poniedzia\u0142ku do pi\u0105tku.<\/p>\n<p style=\"text-align: center;\"><strong>KUCHNIA<\/strong><\/p>\n<p style=\"text-align: center;\">Przedszkole zapewnia trzy zdrowe posi\u0142ki w<br \/>\nci\u0105gu dnia przygotowywane na miejscu przez naszego szefa kuchni.<br \/>\nIstnieje mo\u017cliwo\u015b\u0107 doboru diety dla dzieci z alergiami pokarmowymi.<br \/>\nNasza plac\u00f3wka jest uczestnikiem programu \u201eSzko\u0142a na Widelcu\u201d.<\/p>\n","protected":false},"excerpt":{"rendered":"<p>GRUPY Przedszkole Trampoline jest plac\u00f3wk\u0105 sze\u015bcioodzia\u0142ow\u0105, pracujemy w nast\u0119puj\u0105cych grupach wiekowych: Grupa TPS- Toute Petite Section: 2,5 latki Maluchy (PS &#8211; Petite Section): 3-latki \u015aredniaki (MS &#8211; Moyenne Section): 4- latki Starszaki (GS &#8211; Grande Section): 5- latki ZER\u00d3WKA (CP): 6 lat GODZINY PRACY PLAC\u00d3WKI \u00a07.45-17.00 od poniedzia\u0142ku do pi\u0105tku. KUCHNIA Przedszkole zapewnia trzy zdrowe [&hellip;]<\/p>\n","protected":false},"author":1,"featured_media":626,"parent":0,"menu_order":0,"comment_status":"closed","ping_status":"closed","template":"content.php","meta":[],"_links":{"self":[{"href":"http:\/\/trampoline.edu.pl\/przedszkole\/wp-json\/wp\/v2\/pages\/243"}],"collection":[{"href":"http:\/\/trampoline.edu.pl\/przedszkole\/wp-json\/wp\/v2\/pages"}],"about":[{"href":"http:\/\/trampoline.edu.pl\/przedszkole\/wp-json\/wp\/v2\/types\/page"}],"author":[{"embeddable":true,"href":"http:\/\/trampoline.edu.pl\/przedszkole\/wp-json\/wp\/v2\/users\/1"}],"replies":[{"embeddable":true,"href":"http:\/\/trampoline.edu.pl\/przedszkole\/wp-json\/wp\/v2\/comments?post=243"}],"version-history":[{"count":30,"href":"http:\/\/trampoline.edu.pl\/przedszkole\/wp-json\/wp\/v2\/pages\/243\/revisions"}],"predecessor-version":[{"id":1271,"href":"http:\/\/trampoline.edu.pl\/przedszkole\/wp-json\/wp\/v2\/pages\/243\/revisions\/1271"}],"wp:featuredmedia":[{"embeddable":true,"href":"http:\/\/trampoline.edu.pl\/przedszkole\/wp-json\/wp\/v2\/media\/626"}],"wp:attachment":[{"href":"http:\/\/trampoline.edu.pl\/przedszkole\/wp-json\/wp\/v2\/media?parent=243"}],"curies":[{"name":"wp","href":"https:\/\/api.w.org\/{rel}","templated":true}]}}