{"id":287,"date":"2016-10-18T18:41:24","date_gmt":"2016-10-18T16:41:24","guid":{"rendered":"http:\/\/trampoline.edu.pl\/?page_id=287"},"modified":"2023-03-10T13:35:45","modified_gmt":"2023-03-10T12:35:45","slug":"nasza-kadra","status":"publish","type":"page","link":"http:\/\/trampoline.edu.pl\/przedszkole\/nasza-kadra\/","title":{"rendered":"Nasza kadra"},"content":{"rendered":"<p style=\"text-align: center;\"><img decoding=\"async\" loading=\"lazy\" class=\"alignnone wp-image-456 size-full\" src=\"http:\/\/trampoline.edu.pl\/przedszkole\/wp-content\/uploads\/2016\/10\/kadra2.png\" width=\"239\" height=\"98\"><\/p>\n\t<!-- wpshopmart team builder wrapper -->\r\n\t<div class=\"wpsm_team_1_b_row\" id=\"wpsm_team_1_b_row_275\">\r\n\t\t<div class=\"wpsm_row\">  \r\n\t\t\t<style>\r\n\t\t\t#wpsm_team_1_b_row_275 .wpsm_team_1_member_wrapper_inner h3{\r\n\t\t\t\tcolor:#000000 !important;\r\n\t\t\t\tfont-size:14px !important;\r\n\t\t\t\t\t\t\t\t  font-family:'Open Sans';\r\n\t\t\t\t\t\t\t\t\r\n\t\t\t}\r\n\t\t\t#wpsm_team_1_b_row_275 .wpsm_team_1_name_divider{\r\n\t\t\t\tbackground-color:#000000 !important;\r\n\t\t\t}\r\n\t\t\t#wpsm_team_1_b_row_275 .wpsm_team_1_b_desig{\r\n\t\t\t\tcolor:#ffffff !important;\r\n\t\t\t\tfont-size:12px !important;\r\n\t\t\t\t\t\t\t\t   font-family:'Open Sans';\r\n\t\t\t\t\t\t\t}\r\n\t\t\t#wpsm_team_1_b_row_275 .wpsm_team_1_b_desc{\r\n\t\t\t\tcolor:#000000 !important;\r\n\t\t\t\tfont-size:12px !important;\r\n\t\t\t\t\t\t\t\t   font-family:'Open Sans';\r\n\t\t\t\t\t\t\t}\r\n\t\t\t#wpsm_team_1_b_row_275  p{\r\n\t\t\t\tcolor:#000000 !important;\r\n\t\t\t\tfont-size:12px !important;\r\n\t\t\t    \t\t\t\t   font-family:'Open Sans';\r\n\t\t\t\t\t\t\t\t\r\n\t\t\t}\r\n\t\t\t\r\n\t\t\t#wpsm_team_1_b_row_275 .wpsm_team_1_social_div a i{\r\n\t\t\t\tcolor:#4f4f4f !important;\r\n\t\t\t\tbackground:#e5e5e5 !important;\r\n\t\t\t}\r\n\t\t\t\t\t\t\r\n\t\t\t<\/style>\r\n\t\t\t\t\t\t \r\n\t\t\t\t\t<div class=\"col-md-4 wpsm-col-div wpsm_single_team\">\r\n\t\t\t\t\t\t<div class=\"wpsm_team_1_member_wrapper\">\r\n\t\t\t\t\t\t\t<img class=\"img-responsive wpsm_team_1_mem_img\" src=\"http:\/\/trampoline.edu.pl\/przedszkole\/wp-content\/uploads\/2016\/10\/DSC_0587-scaled.jpg\" alt=\"JOANNA RZYSKA\">\r\n\t\t\t\t\t\t\t<div class=\"wpsm_team_1_member_wrapper_inner\">\r\n\t\t\t\t\t\t\t\t<h3>\r\n\t\t\t\t\t\t\t\t\tJOANNA RZYSKA\t\t\t\t\t\t\t\t\t<div class=\"wpsm_team_1_name_divider\"><\/div>\r\n\t\t\t\t\t\t\t\t<\/h3>\r\n\t\t\t\t\t\t\t\t<span class=\"wpsm_team_1_b_desig\"> W\u0141A\u015aCICIELKA PRZEDSZKOLA <\/span> \t\t\t\t\t\t\t\t<p class=\"wpsm_team_1_b_desc\"> Jestem romanistk\u0105, jedn\u0105 z za\u0142o\u017cycielek \"Wydawnictwa Dwie Siostry\". \r\nWsp\u00f3\u0142tworzy\u0142am Europejskie Portfolio J\u0119zykowe dla Przedszkoli. Prywatnie jestem mam\u0105 Antosi i Julii, absolwentek przedszkola. Od 20 lat dbam o to, by nasze dzieci pokocha\u0142y ksi\u0105\u017cki, j\u0119zyk francuski i wzajemnie si\u0119 szanowa\u0142y.\r\n <\/p> \t\t\t\t\t\t\t\t<div class=\"wpsm_team_1_social_div\">\r\n\t\t\t\t\t\t\t\t\t\t\t\t\t\t\t\t\t\t\t\t\t\t\t\t\t\t\t\t\t\t\t\t\t\t\t\t\t\t\t\t\t\t\t\t<\/div>\r\n\t\t\t\t\t\t\t<\/div>\r\n\t\t\t\t\t\t<\/div>\r\n\t\t\t\t\t<\/div>\r\n\t\t\t\t\t\t\t\t\t\t\t\t\t \r\n\t\t\t\t\t<div class=\"col-md-4 wpsm-col-div wpsm_single_team\">\r\n\t\t\t\t\t\t<div class=\"wpsm_team_1_member_wrapper\">\r\n\t\t\t\t\t\t\t<img class=\"img-responsive wpsm_team_1_mem_img\" src=\"http:\/\/trampoline.edu.pl\/przedszkole\/wp-content\/uploads\/2016\/10\/DSC_0452-scaled.jpg\" alt=\"JADWIGA KABUT\">\r\n\t\t\t\t\t\t\t<div class=\"wpsm_team_1_member_wrapper_inner\">\r\n\t\t\t\t\t\t\t\t<h3>\r\n\t\t\t\t\t\t\t\t\tJADWIGA KABUT\t\t\t\t\t\t\t\t\t<div class=\"wpsm_team_1_name_divider\"><\/div>\r\n\t\t\t\t\t\t\t\t<\/h3>\r\n\t\t\t\t\t\t\t\t<span class=\"wpsm_team_1_b_desig\"> WSP\u00d3\u0141W\u0141A\u015aCICIELKA <\/span> \t\t\t\t\t\t\t\t<p class=\"wpsm_team_1_b_desc\"> Z wykszta\u0142cenia jestem prawnikiem, oraz absolwentk\u0105 Zarz\u0105dzania O\u015bwiat\u0105 na Uniwersytecie Warszawskim. Od 10 lat zarz\u0105dzam przedszkolem Trampoline, gdzie zajmuje si\u0119 administracyjno- organizacyjn\u0105 stron\u0105 plac\u00f3wki. <\/p> \t\t\t\t\t\t\t\t<div class=\"wpsm_team_1_social_div\">\r\n\t\t\t\t\t\t\t\t\t\t\t\t\t\t\t\t\t\t\t\t\t\t\t\t\t\t\t\t\t\t\t\t\t\t\t\t\t\t\t\t\t\t\t\t<\/div>\r\n\t\t\t\t\t\t\t<\/div>\r\n\t\t\t\t\t\t<\/div>\r\n\t\t\t\t\t<\/div>\r\n\t\t\t\t\t\t\t\t\t\t\t\t\t \r\n\t\t\t\t\t<div class=\"col-md-4 wpsm-col-div wpsm_single_team\">\r\n\t\t\t\t\t\t<div class=\"wpsm_team_1_member_wrapper\">\r\n\t\t\t\t\t\t\t<img class=\"img-responsive wpsm_team_1_mem_img\" src=\"http:\/\/trampoline.edu.pl\/przedszkole\/wp-content\/uploads\/2016\/10\/Malgorzata-Zaniewicz-scaled-e1726732217859.jpg\" alt=\"MA\u0141GORZATA ZANIEWICZ\">\r\n\t\t\t\t\t\t\t<div class=\"wpsm_team_1_member_wrapper_inner\">\r\n\t\t\t\t\t\t\t\t<h3>\r\n\t\t\t\t\t\t\t\t\tMA\u0141GORZATA ZANIEWICZ\t\t\t\t\t\t\t\t\t<div class=\"wpsm_team_1_name_divider\"><\/div>\r\n\t\t\t\t\t\t\t\t<\/h3>\r\n\t\t\t\t\t\t\t\t<span class=\"wpsm_team_1_b_desig\"> DYREKTOR <\/span> \t\t\t\t\t\t\t\t<p class=\"wpsm_team_1_b_desc\"> Absolwentka UMCS w Lublinie na kierunku Logopedii, Pedagogiki oraz\r\nZarz\u0105dzania O\u015bwiat\u0105. W pracy stawiam na komunikacj\u0119 i \u017cyczliwe nastawienie. Lubi\u0119 ludzi - tych doros\u0142ych i tych najm\u0142odszych - jestem ciekawa ich zdania oraz opinii. Z wielk\u0105 rado\u015bci\u0105 uciekam od \"biurka\", aby by\u0107 w\u015br\u00f3d dzieci. <\/p> \t\t\t\t\t\t\t\t<div class=\"wpsm_team_1_social_div\">\r\n\t\t\t\t\t\t\t\t\t\t\t\t\t\t\t\t\t\t\t\t\t\t\t\t\t\t\t\t\t\t\t\t\t\t\t\t\t\t\t\t\t\t\t\t<\/div>\r\n\t\t\t\t\t\t\t<\/div>\r\n\t\t\t\t\t\t<\/div>\r\n\t\t\t\t\t<\/div>\r\n\t\t\t\t\t\t\t\t\t\t\t<\/div>\r\n\t\t\t\t\t\t<div class=\"wpsm_row\">\r\n\t\t\t\t\t\t\t\t\t\t\t\t\t\t \r\n\t\t\t\t\t<div class=\"col-md-4 wpsm-col-div wpsm_single_team\">\r\n\t\t\t\t\t\t<div class=\"wpsm_team_1_member_wrapper\">\r\n\t\t\t\t\t\t\t<img class=\"img-responsive wpsm_team_1_mem_img\" src=\"http:\/\/trampoline.edu.pl\/przedszkole\/wp-content\/uploads\/2016\/10\/Wilfried-scaled-e1759999135132.jpg\" alt=\"WILFRIED BEHIESSE\">\r\n\t\t\t\t\t\t\t<div class=\"wpsm_team_1_member_wrapper_inner\">\r\n\t\t\t\t\t\t\t\t<h3>\r\n\t\t\t\t\t\t\t\t\tWILFRIED BEHIESSE\t\t\t\t\t\t\t\t\t<div class=\"wpsm_team_1_name_divider\"><\/div>\r\n\t\t\t\t\t\t\t\t<\/h3>\r\n\t\t\t\t\t\t\t\t<span class=\"wpsm_team_1_b_desig\"> NATIVE SPEAKER <\/span> \t\t\t\t\t\t\t\t<p class=\"wpsm_team_1_b_desc\"> Je suis Francais et j'habite en Pologne depuis quelques ann\u00e9es maintenant. J'enseigne le fran\u00e7ais \u00e0 la toute petite section et la moyenne section de maternelle. C'est un v\u00e9ritable plaisir pour moi d'enseigner ma langue maternelle \u00e0 travers les chansons, les math\u00e9matiques, le graphisme, la lecture <\/p> \t\t\t\t\t\t\t\t<div class=\"wpsm_team_1_social_div\">\r\n\t\t\t\t\t\t\t\t\t\t\t\t\t\t\t\t\t\t\t\t\t\t\t\t\t\t\t\t\t\t\t\t\t\t\t\t\t\t\t\t\t\t\t\t<\/div>\r\n\t\t\t\t\t\t\t<\/div>\r\n\t\t\t\t\t\t<\/div>\r\n\t\t\t\t\t<\/div>\r\n\t\t\t\t\t\t\t\t\t\t\t\t\t \r\n\t\t\t\t\t<div class=\"col-md-4 wpsm-col-div wpsm_single_team\">\r\n\t\t\t\t\t\t<div class=\"wpsm_team_1_member_wrapper\">\r\n\t\t\t\t\t\t\t<img class=\"img-responsive wpsm_team_1_mem_img\" src=\"http:\/\/trampoline.edu.pl\/przedszkole\/wp-content\/uploads\/2016\/10\/Manon-scaled-e1759999037319.jpg\" alt=\"MANON JAKUBEK\">\r\n\t\t\t\t\t\t\t<div class=\"wpsm_team_1_member_wrapper_inner\">\r\n\t\t\t\t\t\t\t\t<h3>\r\n\t\t\t\t\t\t\t\t\tMANON JAKUBEK\t\t\t\t\t\t\t\t\t<div class=\"wpsm_team_1_name_divider\"><\/div>\r\n\t\t\t\t\t\t\t\t<\/h3>\r\n\t\t\t\t\t\t\t\t<span class=\"wpsm_team_1_b_desig\"> NAUCZYCIEL <\/span> \t\t\t\t\t\t\t\t<p class=\"wpsm_team_1_b_desc\"> Nazywam si\u0119 Manon i jestem Francuzk\u0105. Uko\u0144czy\u0142am studia magisterskie na kierunku - Nauczanie j\u0119zyka francuskiego (FLE). Jestem nauczycielk\u0105 dzieci w wieku przedszkolnym. Bardzo si\u0119 ciesz\u0119, \u017ce mog\u0119 uczy\u0107 j\u0119zyka oraz kultury mojego kraju. Uwielbiam prac\u0119 z dzie\u0107mi, a ich naturalna ciekawo\u015b\u0107 jest dla mnie wielkim atutem. <\/p> \t\t\t\t\t\t\t\t<div class=\"wpsm_team_1_social_div\">\r\n\t\t\t\t\t\t\t\t\t\t\t\t\t\t\t\t\t\t\t\t\t\t\t\t\t\t\t\t\t\t\t\t\t\t\t\t\t\t\t\t\t\t\t\t<\/div>\r\n\t\t\t\t\t\t\t<\/div>\r\n\t\t\t\t\t\t<\/div>\r\n\t\t\t\t\t<\/div>\r\n\t\t\t\t\t\t\t\t\t\t\t\t\t \r\n\t\t\t\t\t<div class=\"col-md-4 wpsm-col-div wpsm_single_team\">\r\n\t\t\t\t\t\t<div class=\"wpsm_team_1_member_wrapper\">\r\n\t\t\t\t\t\t\t<img class=\"img-responsive wpsm_team_1_mem_img\" src=\"http:\/\/trampoline.edu.pl\/przedszkole\/wp-content\/uploads\/2016\/10\/Virginie-scaled-e1760012255979.jpg\" alt=\"VIRGINIE SCHNEEBERGER\">\r\n\t\t\t\t\t\t\t<div class=\"wpsm_team_1_member_wrapper_inner\">\r\n\t\t\t\t\t\t\t\t<h3>\r\n\t\t\t\t\t\t\t\t\tVIRGINIE SCHNEEBERGER\t\t\t\t\t\t\t\t\t<div class=\"wpsm_team_1_name_divider\"><\/div>\r\n\t\t\t\t\t\t\t\t<\/h3>\r\n\t\t\t\t\t\t\t\t<span class=\"wpsm_team_1_b_desig\"> NAUCZYCIEL <\/span> \t\t\t\t\t\t\t\t<p class=\"wpsm_team_1_b_desc\"> Jestem Francusk\u0105, mam\u0105 dw\u00f3jki dzieci. Bardzo lubi\u0119 uczy\u0107 mojego\r\nojczystego j\u0119zyka przy pomocy gier i zabaw.\r\nNa zaj\u0119ciach du\u017c\u0105 wag\u0119 przywi\u0105zuj\u0119 do \u017cyczliwo\u015bci, kreatywno\u015bci oraz\r\npobudzania ciekawo\u015bci u dzieci. Ucz\u0119 przez do\u015bwiadczenia sensoryczne,\r\ngry edukacyjne i inne aktywno\u015bci, kt\u00f3re pomagaj\u0105 rosn\u0105\u0107 i rozkwita\u0107\r\nnajm\u0142odszym. <\/p> \t\t\t\t\t\t\t\t<div class=\"wpsm_team_1_social_div\">\r\n\t\t\t\t\t\t\t\t\t\t\t\t\t\t\t\t\t\t\t\t\t\t\t\t\t\t\t\t\t\t\t\t\t\t\t\t\t\t\t\t\t\t\t\t<\/div>\r\n\t\t\t\t\t\t\t<\/div>\r\n\t\t\t\t\t\t<\/div>\r\n\t\t\t\t\t<\/div>\r\n\t\t\t\t\t\t\t\t\t\t\t<\/div>\r\n\t\t\t\t\t\t<div class=\"wpsm_row\">\r\n\t\t\t\t\t\t\t\t\t\t\t\t\t\t \r\n\t\t\t\t\t<div class=\"col-md-4 wpsm-col-div wpsm_single_team\">\r\n\t\t\t\t\t\t<div class=\"wpsm_team_1_member_wrapper\">\r\n\t\t\t\t\t\t\t<img class=\"img-responsive wpsm_team_1_mem_img\" src=\"http:\/\/trampoline.edu.pl\/przedszkole\/wp-content\/uploads\/2016\/10\/Asia-scaled-e1759996822589.jpg\" alt=\"JOANNA BOGDA\u0143SKA\">\r\n\t\t\t\t\t\t\t<div class=\"wpsm_team_1_member_wrapper_inner\">\r\n\t\t\t\t\t\t\t\t<h3>\r\n\t\t\t\t\t\t\t\t\tJOANNA BOGDA\u0143SKA\t\t\t\t\t\t\t\t\t<div class=\"wpsm_team_1_name_divider\"><\/div>\r\n\t\t\t\t\t\t\t\t<\/h3>\r\n\t\t\t\t\t\t\t\t<span class=\"wpsm_team_1_b_desig\"> NAUCZYCIEL <\/span> \t\t\t\t\t\t\t\t<p class=\"wpsm_team_1_b_desc\"> Z dzie\u0107mi pracuj\u0119 od ponad trzynastu lat i czerpi\u0119 z tego ogromn\u0105\r\nprzyjemno\u015b\u0107 i satysfakcj\u0119. Bardzo wa\u017cne jest dla mnie szacunek dla\r\nemocji dziecka, dobra komunikacja z rodzicami, a tak\u017ce zabawa poprzez\r\nruch. W pracy wykorzystuj\u0119 swoje naturalne cechy takie jak empatia,\r\ncierpliwo\u015b\u0107 i optymizm.  Prywatnie jest mam\u0105 Jagny i Bogusia. <\/p> \t\t\t\t\t\t\t\t<div class=\"wpsm_team_1_social_div\">\r\n\t\t\t\t\t\t\t\t\t\t\t\t\t\t\t\t\t\t\t\t\t\t\t\t\t\t\t\t\t\t\t\t\t\t\t\t\t\t\t\t\t\t\t\t<\/div>\r\n\t\t\t\t\t\t\t<\/div>\r\n\t\t\t\t\t\t<\/div>\r\n\t\t\t\t\t<\/div>\r\n\t\t\t\t\t\t\t\t\t\t\t\t\t \r\n\t\t\t\t\t<div class=\"col-md-4 wpsm-col-div wpsm_single_team\">\r\n\t\t\t\t\t\t<div class=\"wpsm_team_1_member_wrapper\">\r\n\t\t\t\t\t\t\t<img class=\"img-responsive wpsm_team_1_mem_img\" src=\"http:\/\/trampoline.edu.pl\/przedszkole\/wp-content\/uploads\/2016\/10\/Estera1-2-scaled-1.jpg\" alt=\"ESTERA SEKU\u0141A\">\r\n\t\t\t\t\t\t\t<div class=\"wpsm_team_1_member_wrapper_inner\">\r\n\t\t\t\t\t\t\t\t<h3>\r\n\t\t\t\t\t\t\t\t\tESTERA SEKU\u0141A\t\t\t\t\t\t\t\t\t<div class=\"wpsm_team_1_name_divider\"><\/div>\r\n\t\t\t\t\t\t\t\t<\/h3>\r\n\t\t\t\t\t\t\t\t<span class=\"wpsm_team_1_b_desig\"> NAUCZYCIEL <\/span> \t\t\t\t\t\t\t\t<p class=\"wpsm_team_1_b_desc\"> Jestem absolwentk\u0105 Akademii Pedagogiki Specjalnej ze specjalno\u015bci\u0105 psychopedagogika kreatywno\u015bci, a tak\u017ce magistrem psychologii w \u015bcie\u017cce klinicznej uko\u0144czonym na Uniwersytecie SWPS. W pracy szczeg\u00f3ln\u0105 uwag\u0119 zwracam na poszukiwanie i rozw\u00f3j naturalnych zdolno\u015bci dzieci i m\u0142odzie\u017cy. Wsp\u00f3\u0142pracuj\u0119 tak\u017ce ze szko\u0142\u0105 Trampoline oraz poradni\u0105 Fundacji SAVANT. W swojej pracy wykosztuj\u0119 r\u00f3\u017cne metody, w szczeg\u00f3lno\u015bci te oparte na porozumieniu bez przemocy.  <\/p> \t\t\t\t\t\t\t\t<div class=\"wpsm_team_1_social_div\">\r\n\t\t\t\t\t\t\t\t\t\t\t\t\t\t\t\t\t\t\t\t\t\t\t\t\t\t\t\t\t\t\t\t\t\t\t\t\t\t\t\t\t\t\t\t<\/div>\r\n\t\t\t\t\t\t\t<\/div>\r\n\t\t\t\t\t\t<\/div>\r\n\t\t\t\t\t<\/div>\r\n\t\t\t\t\t\t\t\t\t\t\t\t\t \r\n\t\t\t\t\t<div class=\"col-md-4 wpsm-col-div wpsm_single_team\">\r\n\t\t\t\t\t\t<div class=\"wpsm_team_1_member_wrapper\">\r\n\t\t\t\t\t\t\t<img class=\"img-responsive wpsm_team_1_mem_img\" src=\"http:\/\/trampoline.edu.pl\/przedszkole\/wp-content\/uploads\/2016\/10\/Janek-1-scaled-e1760012280961.jpg\" alt=\"JAN WOLICKI\">\r\n\t\t\t\t\t\t\t<div class=\"wpsm_team_1_member_wrapper_inner\">\r\n\t\t\t\t\t\t\t\t<h3>\r\n\t\t\t\t\t\t\t\t\tJAN WOLICKI\t\t\t\t\t\t\t\t\t<div class=\"wpsm_team_1_name_divider\"><\/div>\r\n\t\t\t\t\t\t\t\t<\/h3>\r\n\t\t\t\t\t\t\t\t<span class=\"wpsm_team_1_b_desig\"> NAUCZYCIEL WSPIERAJ\u0104CY <\/span> \t\t\t\t\t\t\t\t<p class=\"wpsm_team_1_b_desc\"> W pracy z dzie\u0107mi najbardziej fascynuje mnie to, \u017ce zawsze beneficjentem s\u0105 przynajmniej dwie strony, nigdy nie uczy si\u0119 jedynie dzieci lecz tak\u017ce samego siebie. G\u0142\u00f3wny nacisk k\u0142ad\u0119 na  rozw\u00f3j kompetencji mi\u0119kkich i nauk\u0119 rozwi\u0105zywania konflikt\u00f3w. Wierz\u0119 te\u017c, \u017ce nasz\u0105 misj\u0105 jest sprawi\u0107 by dzieci nie uwa\u017ca\u0142y nauki za nudny mus a raczej za naturaln\u0105 i przyjemn\u0105 cz\u0119\u015b\u0107 rzeczywisto\u015bci. <\/p> \t\t\t\t\t\t\t\t<div class=\"wpsm_team_1_social_div\">\r\n\t\t\t\t\t\t\t\t\t\t\t\t\t\t\t\t\t\t\t\t\t\t\t\t\t\t\t\t\t\t\t\t\t\t\t\t\t\t\t\t\t\t\t\t<\/div>\r\n\t\t\t\t\t\t\t<\/div>\r\n\t\t\t\t\t\t<\/div>\r\n\t\t\t\t\t<\/div>\r\n\t\t\t\t\t\t\t\t\t\t\t<\/div>\r\n\t\t\t\t\t\t<div class=\"wpsm_row\">\r\n\t\t\t\t\t\t\t\t\t\t\t\t\t\t \r\n\t\t\t\t\t<div class=\"col-md-4 wpsm-col-div wpsm_single_team\">\r\n\t\t\t\t\t\t<div class=\"wpsm_team_1_member_wrapper\">\r\n\t\t\t\t\t\t\t<img class=\"img-responsive wpsm_team_1_mem_img\" src=\"http:\/\/trampoline.edu.pl\/przedszkole\/wp-content\/uploads\/2016\/10\/IMG_7701-scaled-e1760341236589.jpg\" alt=\"ANNA KUPCZYK\">\r\n\t\t\t\t\t\t\t<div class=\"wpsm_team_1_member_wrapper_inner\">\r\n\t\t\t\t\t\t\t\t<h3>\r\n\t\t\t\t\t\t\t\t\tANNA KUPCZYK\t\t\t\t\t\t\t\t\t<div class=\"wpsm_team_1_name_divider\"><\/div>\r\n\t\t\t\t\t\t\t\t<\/h3>\r\n\t\t\t\t\t\t\t\t<span class=\"wpsm_team_1_b_desig\"> NAUCZYCIEL <\/span> \t\t\t\t\t\t\t\t<p class=\"wpsm_team_1_b_desc\"> Jestem absolwentk\u0105 pedagogiki przedszkolnej i wczesnoszkolnej z\r\nnauczaniem j\u0119zyka angielskiego. Pracuje z dzie\u0107mi ju\u017c kilka lat w j\u0119zyku\r\npolskim jak i angielskim. W pracy z dzie\u0107mi wspieram je pomagam ale nie podaje gotowych rozwi\u0105za\u0144, ich duma z w\u0142asnych osi\u0105gni\u0119\u0107 jest zawsze najlepsz\u0105 motywacj\u0105 do dalszych stara\u0144. <\/p> \t\t\t\t\t\t\t\t<div class=\"wpsm_team_1_social_div\">\r\n\t\t\t\t\t\t\t\t\t\t\t\t\t\t\t\t\t\t\t\t\t\t\t\t\t\t\t\t\t\t\t\t\t\t\t\t\t\t\t\t\t\t\t\t<\/div>\r\n\t\t\t\t\t\t\t<\/div>\r\n\t\t\t\t\t\t<\/div>\r\n\t\t\t\t\t<\/div>\r\n\t\t\t\t\t\t\t\t\t\t\t\t\t \r\n\t\t\t\t\t<div class=\"col-md-4 wpsm-col-div wpsm_single_team\">\r\n\t\t\t\t\t\t<div class=\"wpsm_team_1_member_wrapper\">\r\n\t\t\t\t\t\t\t<img class=\"img-responsive wpsm_team_1_mem_img\" src=\"http:\/\/trampoline.edu.pl\/przedszkole\/wp-content\/uploads\/2016\/10\/IMG_20250909_083802-e1760002719726.jpg\" alt=\"ANETA MARCJANIAK\">\r\n\t\t\t\t\t\t\t<div class=\"wpsm_team_1_member_wrapper_inner\">\r\n\t\t\t\t\t\t\t\t<h3>\r\n\t\t\t\t\t\t\t\t\tANETA MARCJANIAK\t\t\t\t\t\t\t\t\t<div class=\"wpsm_team_1_name_divider\"><\/div>\r\n\t\t\t\t\t\t\t\t<\/h3>\r\n\t\t\t\t\t\t\t\t<span class=\"wpsm_team_1_b_desig\"> NAUCZYCIEL <\/span> \t\t\t\t\t\t\t\t<p class=\"wpsm_team_1_b_desc\"> Z wykszta\u0142cenia pedagog i animatorka kultury. Z dzie\u0107mi pracuj\u0119 od\r\nkilku lat, w podej\u015bciu blisko\u015bciowym, wykorzystuj\u0105c metody\r\nanga\u017cuj\u0105ce r\u00f3\u017cne zmys\u0142y a tak\u017ce kreatywno\u015b\u0107 i samodzielno\u015b\u0107\r\ndziecka. <\/p> \t\t\t\t\t\t\t\t<div class=\"wpsm_team_1_social_div\">\r\n\t\t\t\t\t\t\t\t\t\t\t\t\t\t\t\t\t\t\t\t\t\t\t\t\t\t\t\t\t\t\t\t\t\t\t\t\t\t\t\t\t\t\t\t<\/div>\r\n\t\t\t\t\t\t\t<\/div>\r\n\t\t\t\t\t\t<\/div>\r\n\t\t\t\t\t<\/div>\r\n\t\t\t\t\t\t\t\t\t\t\t\t\t \r\n\t\t\t\t\t<div class=\"col-md-4 wpsm-col-div wpsm_single_team\">\r\n\t\t\t\t\t\t<div class=\"wpsm_team_1_member_wrapper\">\r\n\t\t\t\t\t\t\t<img class=\"img-responsive wpsm_team_1_mem_img\" src=\"http:\/\/trampoline.edu.pl\/przedszkole\/wp-content\/uploads\/2016\/10\/Jola-scaled-e1759996918519.jpg\" alt=\"JOLANTA CIESZKOWSKA-LULI\u0143SKA\">\r\n\t\t\t\t\t\t\t<div class=\"wpsm_team_1_member_wrapper_inner\">\r\n\t\t\t\t\t\t\t\t<h3>\r\n\t\t\t\t\t\t\t\t\tJOLANTA CIESZKOWSKA-LULI\u0143SKA\t\t\t\t\t\t\t\t\t<div class=\"wpsm_team_1_name_divider\"><\/div>\r\n\t\t\t\t\t\t\t\t<\/h3>\r\n\t\t\t\t\t\t\t\t<span class=\"wpsm_team_1_b_desig\"> POMOC PRZEDSZKOLNA <\/span> \t\t\t\t\t\t\t\t<p class=\"wpsm_team_1_b_desc\"> Saska K\u0119pa to dla mnie miejsce wyj\u0105tkowe i bliskie memu sercu, bo sama si\u0119 tu wychowa\u0142am. Na okolicznych podw\u00f3rkach i w Parku Skaryszewskim bawi\u0142y si\u0119 moje dzieci, a od niedawna te\u017c i wnuki. Tym wi\u0119ksz\u0105 przyjemno\u015b\u0107 sprawia mi praca w przedszkolu Trampoline, kt\u00f3re jest esencj\u0105 Saskiej K\u0119py, a dla mnie samej podr\u00f3\u017c\u0105 w przesz\u0142o\u015b\u0107 i \u015bwiat wspania\u0142ych wspomnie\u0144. <\/p> \t\t\t\t\t\t\t\t<div class=\"wpsm_team_1_social_div\">\r\n\t\t\t\t\t\t\t\t\t\t\t\t\t\t\t\t\t\t\t\t\t\t\t\t\t\t\t\t\t\t\t\t\t\t\t\t\t\t\t\t\t\t\t\t<\/div>\r\n\t\t\t\t\t\t\t<\/div>\r\n\t\t\t\t\t\t<\/div>\r\n\t\t\t\t\t<\/div>\r\n\t\t\t\t\t\t\t\t\t\t\t<\/div>\r\n\t\t\t\t\t\t<div class=\"wpsm_row\">\r\n\t\t\t\t\t\t\t\t\t\t\t\t\t\t \r\n\t\t\t\t\t<div class=\"col-md-4 wpsm-col-div wpsm_single_team\">\r\n\t\t\t\t\t\t<div class=\"wpsm_team_1_member_wrapper\">\r\n\t\t\t\t\t\t\t<img class=\"img-responsive wpsm_team_1_mem_img\" src=\"http:\/\/trampoline.edu.pl\/przedszkole\/wp-content\/uploads\/2016\/10\/Ewa-2-scaled-e1759998388944.jpg\" alt=\"EWA KALISZAK\">\r\n\t\t\t\t\t\t\t<div class=\"wpsm_team_1_member_wrapper_inner\">\r\n\t\t\t\t\t\t\t\t<h3>\r\n\t\t\t\t\t\t\t\t\tEWA KALISZAK\t\t\t\t\t\t\t\t\t<div class=\"wpsm_team_1_name_divider\"><\/div>\r\n\t\t\t\t\t\t\t\t<\/h3>\r\n\t\t\t\t\t\t\t\t<span class=\"wpsm_team_1_b_desig\"> POMOC PRZEDSZKOLNA <\/span> \t\t\t\t\t\t\t\t<p class=\"wpsm_team_1_b_desc\"> Uko\u0144czy\u0142am 2-letni\u0105 szko\u0142\u0119 Opiekunka dzieci\u0119ca w Warszawie.\r\nOd kilku lat pracuj\u0119 jako pomoc nauczyciela w najm\u0142odszej grupie.\r\nPraca z dzie\u0107mi daje mi du\u017co rado\u015bci i satysfakcji.\r\n <\/p> \t\t\t\t\t\t\t\t<div class=\"wpsm_team_1_social_div\">\r\n\t\t\t\t\t\t\t\t\t\t\t\t\t\t\t\t\t\t\t\t\t\t\t\t\t\t\t\t\t\t\t\t\t\t\t\t\t\t\t\t\t\t\t\t<\/div>\r\n\t\t\t\t\t\t\t<\/div>\r\n\t\t\t\t\t\t<\/div>\r\n\t\t\t\t\t<\/div>\r\n\t\t\t\t\t\t\t\t\t\t\t\t\t \r\n\t\t\t\t\t<div class=\"col-md-4 wpsm-col-div wpsm_single_team\">\r\n\t\t\t\t\t\t<div class=\"wpsm_team_1_member_wrapper\">\r\n\t\t\t\t\t\t\t<img class=\"img-responsive wpsm_team_1_mem_img\" src=\"http:\/\/trampoline.edu.pl\/przedszkole\/wp-content\/uploads\/2016\/10\/Magda-1-scaled.jpg\" alt=\"MAGDA PSTRZOCH - MOMOT\">\r\n\t\t\t\t\t\t\t<div class=\"wpsm_team_1_member_wrapper_inner\">\r\n\t\t\t\t\t\t\t\t<h3>\r\n\t\t\t\t\t\t\t\t\tMAGDA PSTRZOCH - MOMOT\t\t\t\t\t\t\t\t\t<div class=\"wpsm_team_1_name_divider\"><\/div>\r\n\t\t\t\t\t\t\t\t<\/h3>\r\n\t\t\t\t\t\t\t\t<span class=\"wpsm_team_1_b_desig\"> KIEROWNIK BIURA <\/span> \t\t\t\t\t\t\t\t<p class=\"wpsm_team_1_b_desc\"> Absolwentka Cours de civilisation francaise de la Sorbonne oraz Cours\r\nFlorent w Pary\u017cu.\r\nKocha energi\u0119 dzieci, Francj\u0119 oraz Sask\u0105 K\u0119p\u0119. W Trampoline\r\nodnajduje to wszystko naraz.\r\nPrywatnie mama Zosi, Poli i Misi. Wci\u0105\u017c w rozwoju \ud83d\ude42 <\/p> \t\t\t\t\t\t\t\t<div class=\"wpsm_team_1_social_div\">\r\n\t\t\t\t\t\t\t\t\t\t\t\t\t\t\t\t\t\t\t\t\t\t\t\t\t\t\t\t\t\t\t\t\t\t\t\t\t\t\t\t\t\t\t\t<\/div>\r\n\t\t\t\t\t\t\t<\/div>\r\n\t\t\t\t\t\t<\/div>\r\n\t\t\t\t\t<\/div>\r\n\t\t\t\t\t\t\t\t\t\t\t\t\r\n\t\t<\/div>\r\n\t<\/div>\n","protected":false},"excerpt":{"rendered":"","protected":false},"author":1,"featured_media":644,"parent":0,"menu_order":0,"comment_status":"closed","ping_status":"closed","template":"kadra.php","meta":[],"_links":{"self":[{"href":"http:\/\/trampoline.edu.pl\/przedszkole\/wp-json\/wp\/v2\/pages\/287"}],"collection":[{"href":"http:\/\/trampoline.edu.pl\/przedszkole\/wp-json\/wp\/v2\/pages"}],"about":[{"href":"http:\/\/trampoline.edu.pl\/przedszkole\/wp-json\/wp\/v2\/types\/page"}],"author":[{"embeddable":true,"href":"http:\/\/trampoline.edu.pl\/przedszkole\/wp-json\/wp\/v2\/users\/1"}],"replies":[{"embeddable":true,"href":"http:\/\/trampoline.edu.pl\/przedszkole\/wp-json\/wp\/v2\/comments?post=287"}],"version-history":[{"count":9,"href":"http:\/\/trampoline.edu.pl\/przedszkole\/wp-json\/wp\/v2\/pages\/287\/revisions"}],"predecessor-version":[{"id":1386,"href":"http:\/\/trampoline.edu.pl\/przedszkole\/wp-json\/wp\/v2\/pages\/287\/revisions\/1386"}],"wp:featuredmedia":[{"embeddable":true,"href":"http:\/\/trampoline.edu.pl\/przedszkole\/wp-json\/wp\/v2\/media\/644"}],"wp:attachment":[{"href":"http:\/\/trampoline.edu.pl\/przedszkole\/wp-json\/wp\/v2\/media?parent=287"}],"curies":[{"name":"wp","href":"https:\/\/api.w.org\/{rel}","templated":true}]}}