{"id":1043,"date":"2019-11-28T20:36:08","date_gmt":"2019-11-28T19:36:08","guid":{"rendered":"http:\/\/trampoline.edu.pl\/przedszkole\/?page_id=1043"},"modified":"2019-11-29T14:34:21","modified_gmt":"2019-11-29T13:34:21","slug":"nasza-kadra","status":"publish","type":"page","link":"https:\/\/trampoline.edu.pl\/przedszkole\/nasza-kadra\/?lang=fr","title":{"rendered":"Notre \u00e9quipe"},"content":{"rendered":"<p style=\"text-align: center;\"><img decoding=\"async\" loading=\"lazy\" class=\"alignnone wp-image-456 size-full\" src=\"http:\/\/trampoline.edu.pl\/przedszkole\/wp-content\/uploads\/2016\/10\/kadra2.png\" width=\"239\" height=\"98\"><\/p>\n\t<!-- wpshopmart team builder wrapper -->\r\n\t<div class=\"wpsm_team_1_b_row\" id=\"wpsm_team_1_b_row_1072\">\r\n\t\t<div class=\"wpsm_row\">  \r\n\t\t\t<style>\r\n\t\t\t#wpsm_team_1_b_row_1072 .wpsm_team_1_member_wrapper_inner h3{\r\n\t\t\t\tcolor:#000000 !important;\r\n\t\t\t\tfont-size:14px !important;\r\n\t\t\t\t\t\t\t\t  font-family:'Open Sans';\r\n\t\t\t\t\t\t\t\t\r\n\t\t\t}\r\n\t\t\t#wpsm_team_1_b_row_1072 .wpsm_team_1_name_divider{\r\n\t\t\t\tbackground-color:#000000 !important;\r\n\t\t\t}\r\n\t\t\t#wpsm_team_1_b_row_1072 .wpsm_team_1_b_desig{\r\n\t\t\t\tcolor:#ffffff !important;\r\n\t\t\t\tfont-size:10px !important;\r\n\t\t\t\t\t\t\t\t   font-family:'Open Sans';\r\n\t\t\t\t\t\t\t}\r\n\t\t\t#wpsm_team_1_b_row_1072 .wpsm_team_1_b_desc{\r\n\t\t\t\tcolor:#000000 !important;\r\n\t\t\t\tfont-size:12px !important;\r\n\t\t\t\t\t\t\t\t   font-family:'Open Sans';\r\n\t\t\t\t\t\t\t}\r\n\t\t\t#wpsm_team_1_b_row_1072  p{\r\n\t\t\t\tcolor:#000000 !important;\r\n\t\t\t\tfont-size:12px !important;\r\n\t\t\t    \t\t\t\t   font-family:'Open Sans';\r\n\t\t\t\t\t\t\t\t\r\n\t\t\t}\r\n\t\t\t\r\n\t\t\t#wpsm_team_1_b_row_1072 .wpsm_team_1_social_div a i{\r\n\t\t\t\tcolor: !important;\r\n\t\t\t\tbackground: !important;\r\n\t\t\t}\r\n\t\t\t\t\t\t\r\n\t\t\t<\/style>\r\n\t\t\t\t\t\t \r\n\t\t\t\t\t<div class=\"col-md-4 wpsm-col-div wpsm_single_team\">\r\n\t\t\t\t\t\t<div class=\"wpsm_team_1_member_wrapper\">\r\n\t\t\t\t\t\t\t<img class=\"img-responsive wpsm_team_1_mem_img\" src=\"http:\/\/trampoline.edu.pl\/przedszkole\/wp-content\/uploads\/2016\/10\/DSC_0587.jpg\" alt=\"JOANNA RZYSKA\">\r\n\t\t\t\t\t\t\t<div class=\"wpsm_team_1_member_wrapper_inner\">\r\n\t\t\t\t\t\t\t\t<h3>\r\n\t\t\t\t\t\t\t\t\tJOANNA RZYSKA\t\t\t\t\t\t\t\t\t<div class=\"wpsm_team_1_name_divider\"><\/div>\r\n\t\t\t\t\t\t\t\t<\/h3>\r\n\t\t\t\t\t\t\t\t<span class=\"wpsm_team_1_b_desig\"> LA PROPRI\u00c9TAIRE <\/span> \t\t\t\t\t\t\t\t<p class=\"wpsm_team_1_b_desc\"> Je suis dipl\u00f4m\u00e9e de la langue fran\u00e7aise, pedagogue, l'une des fondatrice de la maison d'\u00e9dition \"Wydawnictwo Dwie Siostry\".\r\nJe suis co-auteure du \"Portfolio europ\u00e9en des langues\" pour MEN. Dans la vie priv\u00e9e,  m\u00e8re de deux filles: Antosia et Julia. Je dirige l'\u00e9cole depuis 20 ans. Je fais la promotion de la culture de lecture et de la civilisation francophone dans notre petite communaut\u00e9 scolaire. <\/p> \t\t\t\t\t\t\t\t<div class=\"wpsm_team_1_social_div\">\r\n\t\t\t\t\t\t\t\t\t\t\t\t\t\t\t\t\t\t\t\t\t\t\t\t\t\t\t\t\t\t\t\t\t\t\t\t\t\t\t\t\t\t\t\t<\/div>\r\n\t\t\t\t\t\t\t<\/div>\r\n\t\t\t\t\t\t<\/div>\r\n\t\t\t\t\t<\/div>\r\n\t\t\t\t\t\t\t\t\t\t\t\t\t \r\n\t\t\t\t\t<div class=\"col-md-4 wpsm-col-div wpsm_single_team\">\r\n\t\t\t\t\t\t<div class=\"wpsm_team_1_member_wrapper\">\r\n\t\t\t\t\t\t\t<img class=\"img-responsive wpsm_team_1_mem_img\" src=\"http:\/\/trampoline.edu.pl\/przedszkole\/wp-content\/uploads\/2016\/10\/DSC_0452.jpg\" alt=\"JADWIGA KABUT\">\r\n\t\t\t\t\t\t\t<div class=\"wpsm_team_1_member_wrapper_inner\">\r\n\t\t\t\t\t\t\t\t<h3>\r\n\t\t\t\t\t\t\t\t\tJADWIGA KABUT\t\t\t\t\t\t\t\t\t<div class=\"wpsm_team_1_name_divider\"><\/div>\r\n\t\t\t\t\t\t\t\t<\/h3>\r\n\t\t\t\t\t\t\t\t<span class=\"wpsm_team_1_b_desig\"> LA COPROPRI\u00c9TAIRE <\/span> \t\t\t\t\t\t\t\t<p class=\"wpsm_team_1_b_desc\"> Je suis avocate et dipl\u00f4m\u00e9e en gestion de l'\u00e9ducation de l'Universit\u00e9 de Varsovie. Je g\u00e8re l'\u00e9cole maternelle Trampoline depuis 6 ans, o\u00f9 je traite des aspects administratifs et organisationnels de l'\u00e9tablissement. <\/p> \t\t\t\t\t\t\t\t<div class=\"wpsm_team_1_social_div\">\r\n\t\t\t\t\t\t\t\t\t\t\t\t\t\t\t\t\t\t\t\t\t\t\t\t\t\t\t\t\t\t\t\t\t\t\t\t\t\t\t\t\t\t\t\t<\/div>\r\n\t\t\t\t\t\t\t<\/div>\r\n\t\t\t\t\t\t<\/div>\r\n\t\t\t\t\t<\/div>\r\n\t\t\t\t\t\t\t\t\t\t\t\t\t \r\n\t\t\t\t\t<div class=\"col-md-4 wpsm-col-div wpsm_single_team\">\r\n\t\t\t\t\t\t<div class=\"wpsm_team_1_member_wrapper\">\r\n\t\t\t\t\t\t\t<img class=\"img-responsive wpsm_team_1_mem_img\" src=\"http:\/\/trampoline.edu.pl\/przedszkole\/wp-content\/uploads\/2019\/11\/1.jpg\" alt=\"MA\u0141GORZATA ZANIEWICZ\">\r\n\t\t\t\t\t\t\t<div class=\"wpsm_team_1_member_wrapper_inner\">\r\n\t\t\t\t\t\t\t\t<h3>\r\n\t\t\t\t\t\t\t\t\tMA\u0141GORZATA ZANIEWICZ\t\t\t\t\t\t\t\t\t<div class=\"wpsm_team_1_name_divider\"><\/div>\r\n\t\t\t\t\t\t\t\t<\/h3>\r\n\t\t\t\t\t\t\t\t<span class=\"wpsm_team_1_b_desig\"> DIRECTRICE <\/span> \t\t\t\t\t\t\t\t<p class=\"wpsm_team_1_b_desc\"> Dipl\u00f4m\u00e9e de l'Universit\u00e9 Maria Curie-Sk\u0142odowska \u00e0 Lublin, avec\r\nsp\u00e9cialisation en orthophonie, p\u00e9dagogie et gestion de l\u2019\u00e9ducation.\r\nAu travail, je me concentre sur la bonne communication et la\r\nbienveillance envers les autres. J\u2019aime les gens - les grands comme les\r\npetits - je suis toujours curieux de conna\u00eetre leurs opinions et\r\navis.C'est avec une grande joie que je m'\u00e9chappe du travail de bureau\r\npour me retrouver parmi les enfants. <\/p> \t\t\t\t\t\t\t\t<div class=\"wpsm_team_1_social_div\">\r\n\t\t\t\t\t\t\t\t\t\t\t\t\t\t\t\t\t\t\t\t\t\t\t\t\t\t\t\t\t\t\t\t\t\t\t\t\t\t\t\t\t\t\t\t<\/div>\r\n\t\t\t\t\t\t\t<\/div>\r\n\t\t\t\t\t\t<\/div>\r\n\t\t\t\t\t<\/div>\r\n\t\t\t\t\t\t\t\t\t\t\t<\/div>\r\n\t\t\t\t\t\t<div class=\"wpsm_row\">\r\n\t\t\t\t\t\t\t\t\t\t\t\t\t\t \r\n\t\t\t\t\t<div class=\"col-md-4 wpsm-col-div wpsm_single_team\">\r\n\t\t\t\t\t\t<div class=\"wpsm_team_1_member_wrapper\">\r\n\t\t\t\t\t\t\t<img class=\"img-responsive wpsm_team_1_mem_img\" src=\"http:\/\/trampoline.edu.pl\/przedszkole\/wp-content\/uploads\/2019\/11\/Wilfried-scaled-e1759999135132.jpg\" alt=\"WILFRIED BEHIESSE\">\r\n\t\t\t\t\t\t\t<div class=\"wpsm_team_1_member_wrapper_inner\">\r\n\t\t\t\t\t\t\t\t<h3>\r\n\t\t\t\t\t\t\t\t\tWILFRIED BEHIESSE\t\t\t\t\t\t\t\t\t<div class=\"wpsm_team_1_name_divider\"><\/div>\r\n\t\t\t\t\t\t\t\t<\/h3>\r\n\t\t\t\t\t\t\t\t<span class=\"wpsm_team_1_b_desig\"> NATIVE SPEAKER <\/span> \t\t\t\t\t\t\t\t<p class=\"wpsm_team_1_b_desc\"> Je suis Francais et j'habite en Pologne depuis quelques ann\u00e9es maintenant. J'enseigne le fran\u00e7ais \u00e0 la toute petite section et la moyenne section de maternelle. C'est un v\u00e9ritable plaisir pour moi d'enseigner ma langue maternelle \u00e0 travers les chansons, les math\u00e9matiques, le graphisme, la lecture <\/p> \t\t\t\t\t\t\t\t<div class=\"wpsm_team_1_social_div\">\r\n\t\t\t\t\t\t\t\t\t\t\t\t\t\t\t\t\t\t\t\t\t\t\t\t\t\t\t\t\t\t\t\t\t\t\t\t\t\t\t\t\t\t\t\t<\/div>\r\n\t\t\t\t\t\t\t<\/div>\r\n\t\t\t\t\t\t<\/div>\r\n\t\t\t\t\t<\/div>\r\n\t\t\t\t\t\t\t\t\t\t\t\t\t \r\n\t\t\t\t\t<div class=\"col-md-4 wpsm-col-div wpsm_single_team\">\r\n\t\t\t\t\t\t<div class=\"wpsm_team_1_member_wrapper\">\r\n\t\t\t\t\t\t\t<img class=\"img-responsive wpsm_team_1_mem_img\" src=\"http:\/\/trampoline.edu.pl\/przedszkole\/wp-content\/uploads\/2019\/11\/Manon-scaled-e1759999037319.jpg\" alt=\"MANON JAKUBEK\">\r\n\t\t\t\t\t\t\t<div class=\"wpsm_team_1_member_wrapper_inner\">\r\n\t\t\t\t\t\t\t\t<h3>\r\n\t\t\t\t\t\t\t\t\tMANON JAKUBEK\t\t\t\t\t\t\t\t\t<div class=\"wpsm_team_1_name_divider\"><\/div>\r\n\t\t\t\t\t\t\t\t<\/h3>\r\n\t\t\t\t\t\t\t\t<span class=\"wpsm_team_1_b_desig\"> NATIVE SPEAKER \/ ENSEIGNANTE <\/span> \t\t\t\t\t\t\t\t<p class=\"wpsm_team_1_b_desc\"> Je m'appelle Manon et je suis fran\u00e7aise. Dipl\u00f4m\u00e9e d\u2019un Master de\r\nSciences du Langage, je suis l\u2019enseignante des enfants de toute petite\r\net moyenne section. Je suis tr\u00e8s heureuse de pouvoir enseigner le\r\nfran\u00e7ais et sa culture \u00e0 travers divers supports. J\u2019aime travailler avec\r\nles enfants et leur curiosit\u00e9 naturelle repr\u00e9sente une vraie richesse.\r\nLeur enseigner chaque jour sera pour moi un plaisir. <\/p> \t\t\t\t\t\t\t\t<div class=\"wpsm_team_1_social_div\">\r\n\t\t\t\t\t\t\t\t\t\t\t\t\t\t\t\t\t\t\t\t\t\t\t\t\t\t\t\t\t\t\t\t\t\t\t\t\t\t\t\t\t\t\t\t<\/div>\r\n\t\t\t\t\t\t\t<\/div>\r\n\t\t\t\t\t\t<\/div>\r\n\t\t\t\t\t<\/div>\r\n\t\t\t\t\t\t\t\t\t\t\t\t\t \r\n\t\t\t\t\t<div class=\"col-md-4 wpsm-col-div wpsm_single_team\">\r\n\t\t\t\t\t\t<div class=\"wpsm_team_1_member_wrapper\">\r\n\t\t\t\t\t\t\t<img class=\"img-responsive wpsm_team_1_mem_img\" src=\"http:\/\/trampoline.edu.pl\/przedszkole\/wp-content\/uploads\/2019\/11\/Virginie-scaled-e1760012255979.jpg\" alt=\"VIRGINIE SCHNEEBERGER\">\r\n\t\t\t\t\t\t\t<div class=\"wpsm_team_1_member_wrapper_inner\">\r\n\t\t\t\t\t\t\t\t<h3>\r\n\t\t\t\t\t\t\t\t\tVIRGINIE SCHNEEBERGER\t\t\t\t\t\t\t\t\t<div class=\"wpsm_team_1_name_divider\"><\/div>\r\n\t\t\t\t\t\t\t\t<\/h3>\r\n\t\t\t\t\t\t\t\t<span class=\"wpsm_team_1_b_desig\"> NATIVE SPEAKER \/ ENSEIGNANTE <\/span> \t\t\t\t\t\t\t\t<p class=\"wpsm_team_1_b_desc\"> Je suis fran\u00e7aise et maman de 2 enfants. J\u2019aime faire d\u00e9couvrir et\r\napprendre ma langue maternelle par les jeux.\r\nDans ma classe, j'accorde une grande importance \u00e0 la bienveillance, \u00e0 la\r\ncr\u00e9ativit\u00e9 et \u00e0 la stimulation de la curiosit\u00e9 des enfants. J'aime leur\r\nproposer des exp\u00e9riences sensorielles, des jeux \u00e9ducatifs et des\r\nactivit\u00e9s ludiques pour les aider \u00e0 grandir et \u00e0 s'\u00e9panouir. <\/p> \t\t\t\t\t\t\t\t<div class=\"wpsm_team_1_social_div\">\r\n\t\t\t\t\t\t\t\t\t\t\t\t\t\t\t\t\t\t\t\t\t\t\t\t\t\t\t\t\t\t\t\t\t\t\t\t\t\t\t\t\t\t\t\t<\/div>\r\n\t\t\t\t\t\t\t<\/div>\r\n\t\t\t\t\t\t<\/div>\r\n\t\t\t\t\t<\/div>\r\n\t\t\t\t\t\t\t\t\t\t\t<\/div>\r\n\t\t\t\t\t\t<div class=\"wpsm_row\">\r\n\t\t\t\t\t\t\t\t\t\t\t\t\t\t \r\n\t\t\t\t\t<div class=\"col-md-4 wpsm-col-div wpsm_single_team\">\r\n\t\t\t\t\t\t<div class=\"wpsm_team_1_member_wrapper\">\r\n\t\t\t\t\t\t\t<img class=\"img-responsive wpsm_team_1_mem_img\" src=\"http:\/\/trampoline.edu.pl\/przedszkole\/wp-content\/uploads\/2019\/11\/Asia-scaled-e1759996822589.jpg\" alt=\"JOANNA BOGDA\u0143SKA\">\r\n\t\t\t\t\t\t\t<div class=\"wpsm_team_1_member_wrapper_inner\">\r\n\t\t\t\t\t\t\t\t<h3>\r\n\t\t\t\t\t\t\t\t\tJOANNA BOGDA\u0143SKA\t\t\t\t\t\t\t\t\t<div class=\"wpsm_team_1_name_divider\"><\/div>\r\n\t\t\t\t\t\t\t\t<\/h3>\r\n\t\t\t\t\t\t\t\t<span class=\"wpsm_team_1_b_desig\"> ENSEIGNANTE <\/span> \t\t\t\t\t\t\t\t<p class=\"wpsm_team_1_b_desc\"> Je travaille avec des enfants depuis plus de treize ans et cela me donne\r\nbeaucoup de plaisir et de satisfaction. Ce qui est tr\u00e8s important pour\r\nmoi c'est : le respect des \u00e9motions des enfants, une bonne communication\r\navec leurs parents et le travail avec les plus jeunes par le mouvement.\r\nAu travail, j'utilise mes qualit\u00e9s naturelles, telles que l'empathie, la\r\npatience et l'optimisme. Dans ma vie personelle, je suis la maman de\r\nJagna et Bogu\u015b. <\/p> \t\t\t\t\t\t\t\t<div class=\"wpsm_team_1_social_div\">\r\n\t\t\t\t\t\t\t\t\t\t\t\t\t\t\t\t\t\t\t\t\t\t\t\t\t\t\t\t\t\t\t\t\t\t\t\t\t\t\t\t\t\t\t\t<\/div>\r\n\t\t\t\t\t\t\t<\/div>\r\n\t\t\t\t\t\t<\/div>\r\n\t\t\t\t\t<\/div>\r\n\t\t\t\t\t\t\t\t\t\t\t\t\t \r\n\t\t\t\t\t<div class=\"col-md-4 wpsm-col-div wpsm_single_team\">\r\n\t\t\t\t\t\t<div class=\"wpsm_team_1_member_wrapper\">\r\n\t\t\t\t\t\t\t<img class=\"img-responsive wpsm_team_1_mem_img\" src=\"http:\/\/trampoline.edu.pl\/przedszkole\/wp-content\/uploads\/2016\/10\/Estera1-2-scaled-1.jpg\" alt=\"ESTERA SEKU\u0141A\">\r\n\t\t\t\t\t\t\t<div class=\"wpsm_team_1_member_wrapper_inner\">\r\n\t\t\t\t\t\t\t\t<h3>\r\n\t\t\t\t\t\t\t\t\tESTERA SEKU\u0141A\t\t\t\t\t\t\t\t\t<div class=\"wpsm_team_1_name_divider\"><\/div>\r\n\t\t\t\t\t\t\t\t<\/h3>\r\n\t\t\t\t\t\t\t\t<span class=\"wpsm_team_1_b_desig\"> ENSEIGNANTE <\/span> \t\t\t\t\t\t\t\t<p class=\"wpsm_team_1_b_desc\"> Je suis dipl\u00f4m\u00e9e de l'Acad\u00e9mie d'\u00e9ducation sp\u00e9ciale, sp\u00e9cialis\u00e9e en psychop\u00e9dagogie de la cr\u00e9ativit\u00e9, et titulaire d'un master en psychologie clinique de l'Universit\u00e9 SWPS. Dans mon travail, j'accorde une attention particuli\u00e8re \u00e0 la recherche et au d\u00e9veloppement des aptitudes naturelles des enfants et des adolescents. Je collabore ainsi que le centre de consultationl de la Fondation SAVANT. J'explore diverses m\u00e9thodes, notamment celles bas\u00e9es sur la communication non violente. <\/p> \t\t\t\t\t\t\t\t<div class=\"wpsm_team_1_social_div\">\r\n\t\t\t\t\t\t\t\t\t\t\t\t\t\t\t\t\t\t\t\t\t\t\t\t\t\t\t\t\t\t\t\t\t\t\t\t\t\t\t\t\t\t\t\t<\/div>\r\n\t\t\t\t\t\t\t<\/div>\r\n\t\t\t\t\t\t<\/div>\r\n\t\t\t\t\t<\/div>\r\n\t\t\t\t\t\t\t\t\t\t\t\t\t \r\n\t\t\t\t\t<div class=\"col-md-4 wpsm-col-div wpsm_single_team\">\r\n\t\t\t\t\t\t<div class=\"wpsm_team_1_member_wrapper\">\r\n\t\t\t\t\t\t\t<img class=\"img-responsive wpsm_team_1_mem_img\" src=\"http:\/\/trampoline.edu.pl\/przedszkole\/wp-content\/uploads\/2019\/11\/Janek-1-scaled-e1760012280961.jpg\" alt=\"JAN WOLICKI\">\r\n\t\t\t\t\t\t\t<div class=\"wpsm_team_1_member_wrapper_inner\">\r\n\t\t\t\t\t\t\t\t<h3>\r\n\t\t\t\t\t\t\t\t\tJAN WOLICKI\t\t\t\t\t\t\t\t\t<div class=\"wpsm_team_1_name_divider\"><\/div>\r\n\t\t\t\t\t\t\t\t<\/h3>\r\n\t\t\t\t\t\t\t\t<span class=\"wpsm_team_1_b_desig\"> ENSEIGNANTE <\/span> \t\t\t\t\t\t\t\t<p class=\"wpsm_team_1_b_desc\"> Ce qui me fascine le plus dans le travail avec les enfants, c'est que\r\nles b\u00e9n\u00e9ficiaires sont toujours au moins deux parties, on n'apprend pas\r\nseulement aux enfants, mais aussi \u00e0 soi-m\u00eame. Mon accent principal est\r\nmis sur le d\u00e9veloppement des comp\u00e9tences relationnelles et\r\nl'apprentissage de la r\u00e9solution des conflits. Je crois \u00e9galement que\r\nnotre mission est de faire en sorte que les enfants ne consid\u00e8rent pas\r\nl'apprentissage comme une n\u00e9cessit\u00e9 ennuyeuse, mais plut\u00f4t comme une partie naturelle et agr\u00e9able de la r\u00e9alit\u00e9. <\/p> \t\t\t\t\t\t\t\t<div class=\"wpsm_team_1_social_div\">\r\n\t\t\t\t\t\t\t\t\t\t\t\t\t\t\t\t\t\t\t\t\t\t\t\t\t\t\t\t\t\t\t\t\t\t\t\t\t\t\t\t\t\t\t\t<\/div>\r\n\t\t\t\t\t\t\t<\/div>\r\n\t\t\t\t\t\t<\/div>\r\n\t\t\t\t\t<\/div>\r\n\t\t\t\t\t\t\t\t\t\t\t<\/div>\r\n\t\t\t\t\t\t<div class=\"wpsm_row\">\r\n\t\t\t\t\t\t\t\t\t\t\t\t\t\t \r\n\t\t\t\t\t<div class=\"col-md-4 wpsm-col-div wpsm_single_team\">\r\n\t\t\t\t\t\t<div class=\"wpsm_team_1_member_wrapper\">\r\n\t\t\t\t\t\t\t<img class=\"img-responsive wpsm_team_1_mem_img\" src=\"http:\/\/trampoline.edu.pl\/przedszkole\/wp-content\/uploads\/2019\/11\/IMG_20250909_083802-e1760002719726.jpg\" alt=\"ANETA MARCJANIAK\">\r\n\t\t\t\t\t\t\t<div class=\"wpsm_team_1_member_wrapper_inner\">\r\n\t\t\t\t\t\t\t\t<h3>\r\n\t\t\t\t\t\t\t\t\tANETA MARCJANIAK\t\t\t\t\t\t\t\t\t<div class=\"wpsm_team_1_name_divider\"><\/div>\r\n\t\t\t\t\t\t\t\t<\/h3>\r\n\t\t\t\t\t\t\t\t<span class=\"wpsm_team_1_b_desig\"> ENSEIGNANTE <\/span> \t\t\t\t\t\t\t\t<p class=\"wpsm_team_1_b_desc\"> De formation, je suis p\u00e9dagogue et animatrice culturelle. Je travaille\r\navec les enfants depuis plusieurs ann\u00e9es, dans une approche\r\nbienveillante et de proximit\u00e9, en utilisant des m\u00e9thodes qui sollicitent\r\ndivers sens ainsi que la cr\u00e9ativit\u00e9 et l'autonomie de l'enfant. <\/p> \t\t\t\t\t\t\t\t<div class=\"wpsm_team_1_social_div\">\r\n\t\t\t\t\t\t\t\t\t\t\t\t\t\t\t\t\t\t\t\t\t\t\t\t\t\t\t\t\t\t\t\t\t\t\t\t\t\t\t\t\t\t\t\t<\/div>\r\n\t\t\t\t\t\t\t<\/div>\r\n\t\t\t\t\t\t<\/div>\r\n\t\t\t\t\t<\/div>\r\n\t\t\t\t\t\t\t\t\t\t\t\t\t \r\n\t\t\t\t\t<div class=\"col-md-4 wpsm-col-div wpsm_single_team\">\r\n\t\t\t\t\t\t<div class=\"wpsm_team_1_member_wrapper\">\r\n\t\t\t\t\t\t\t<img class=\"img-responsive wpsm_team_1_mem_img\" src=\"http:\/\/trampoline.edu.pl\/przedszkole\/wp-content\/uploads\/2019\/11\/Jola-scaled-e1759996918519.jpg\" alt=\"JOLANTA CIESZKOWSKA-LULI\u0143SKA\">\r\n\t\t\t\t\t\t\t<div class=\"wpsm_team_1_member_wrapper_inner\">\r\n\t\t\t\t\t\t\t\t<h3>\r\n\t\t\t\t\t\t\t\t\tJOLANTA CIESZKOWSKA-LULI\u0143SKA\t\t\t\t\t\t\t\t\t<div class=\"wpsm_team_1_name_divider\"><\/div>\r\n\t\t\t\t\t\t\t\t<\/h3>\r\n\t\t\t\t\t\t\t\t<span class=\"wpsm_team_1_b_desig\"> ASSISTANTE MATERNELLE <\/span> \t\t\t\t\t\t\t\t<p class=\"wpsm_team_1_b_desc\"> Saska K\u0119pa est un endroit sp\u00e9cial pour moi et qui me tient \u00e0 c\u0153ur, car j\u2019ai grandi ici. Mes enfants, et r\u00e9cemment aussi mes petits-enfants, ont jou\u00e9 dans les cours environnantes et dans le parc Skaryszewski. Je prends de ce fait un grand plaisir \u00e0 travailler \u00e0 la maternelle Trampoline, qui est l\u2019essence de Saska K\u0119pa, et est pour moi un voyage dans le pass\u00e9 et dans le monde de souvenirs merveilleux. <\/p> \t\t\t\t\t\t\t\t<div class=\"wpsm_team_1_social_div\">\r\n\t\t\t\t\t\t\t\t\t\t\t\t\t\t\t\t\t\t\t\t\t\t\t\t\t\t\t\t\t\t\t\t\t\t\t\t\t\t\t\t\t\t\t\t<\/div>\r\n\t\t\t\t\t\t\t<\/div>\r\n\t\t\t\t\t\t<\/div>\r\n\t\t\t\t\t<\/div>\r\n\t\t\t\t\t\t\t\t\t\t\t\t\t \r\n\t\t\t\t\t<div class=\"col-md-4 wpsm-col-div wpsm_single_team\">\r\n\t\t\t\t\t\t<div class=\"wpsm_team_1_member_wrapper\">\r\n\t\t\t\t\t\t\t<img class=\"img-responsive wpsm_team_1_mem_img\" src=\"http:\/\/trampoline.edu.pl\/przedszkole\/wp-content\/uploads\/2019\/11\/Ewa-2-scaled-e1759998388944.jpg\" alt=\"EWA KALISZAK\">\r\n\t\t\t\t\t\t\t<div class=\"wpsm_team_1_member_wrapper_inner\">\r\n\t\t\t\t\t\t\t\t<h3>\r\n\t\t\t\t\t\t\t\t\tEWA KALISZAK\t\t\t\t\t\t\t\t\t<div class=\"wpsm_team_1_name_divider\"><\/div>\r\n\t\t\t\t\t\t\t\t<\/h3>\r\n\t\t\t\t\t\t\t\t<span class=\"wpsm_team_1_b_desig\"> ASSISTANTE MATERNELLE <\/span> \t\t\t\t\t\t\t\t<p class=\"wpsm_team_1_b_desc\"> Je travaille dans un groupe de 2 ans en tant qu'assistante \u00e0 la maternelle. Travailler avec des enfants est une exp\u00e9rience nouvelle, mais tr\u00e8s positive pour moi. <\/p> \t\t\t\t\t\t\t\t<div class=\"wpsm_team_1_social_div\">\r\n\t\t\t\t\t\t\t\t\t\t\t\t\t\t\t\t\t\t\t\t\t\t\t\t\t\t\t\t\t\t\t\t\t\t\t\t\t\t\t\t\t\t\t\t<\/div>\r\n\t\t\t\t\t\t\t<\/div>\r\n\t\t\t\t\t\t<\/div>\r\n\t\t\t\t\t<\/div>\r\n\t\t\t\t\t\t\t\t\t\t\t<\/div>\r\n\t\t\t\t\t\t<div class=\"wpsm_row\">\r\n\t\t\t\t\t\t\t\t\t\t\t\t\t\t \r\n\t\t\t\t\t<div class=\"col-md-4 wpsm-col-div wpsm_single_team\">\r\n\t\t\t\t\t\t<div class=\"wpsm_team_1_member_wrapper\">\r\n\t\t\t\t\t\t\t<img class=\"img-responsive wpsm_team_1_mem_img\" src=\"http:\/\/trampoline.edu.pl\/przedszkole\/wp-content\/uploads\/2019\/11\/Magda-1-scaled-1.jpg\" alt=\"MAGDA PSTRZOCH - MOMOT\">\r\n\t\t\t\t\t\t\t<div class=\"wpsm_team_1_member_wrapper_inner\">\r\n\t\t\t\t\t\t\t\t<h3>\r\n\t\t\t\t\t\t\t\t\tMAGDA PSTRZOCH - MOMOT\t\t\t\t\t\t\t\t\t<div class=\"wpsm_team_1_name_divider\"><\/div>\r\n\t\t\t\t\t\t\t\t<\/h3>\r\n\t\t\t\t\t\t\t\t<span class=\"wpsm_team_1_b_desig\"> RESPONSABLE ADMINISTRATIF <\/span> \t\t\t\t\t\t\t\t<p class=\"wpsm_team_1_b_desc\"> Dipl\u00f4m\u00e9e du Cours de civilisation fran\u00e7aise de la Sorbonne et du\r\nCours Florent \u00e0 Paris.\r\nElle aime l'\u00e9nergie des enfants, la France et Saska K\u0119pa. Elle trouve\r\ntout cela \u00e0 Trampoline.\r\nDans sa vie priv\u00e9e, elle est la m\u00e8re de Zosia, Pola et Misia. Elle\r\nn'arrete pas de se former et d'apprendre de nouvelles competences \ud83d\ude42 <\/p> \t\t\t\t\t\t\t\t<div class=\"wpsm_team_1_social_div\">\r\n\t\t\t\t\t\t\t\t\t\t\t\t\t\t\t\t\t\t\t\t\t\t\t\t\t\t\t\t\t\t\t\t\t\t\t\t\t\t\t\t\t\t\t\t<\/div>\r\n\t\t\t\t\t\t\t<\/div>\r\n\t\t\t\t\t\t<\/div>\r\n\t\t\t\t\t<\/div>\r\n\t\t\t\t\t\t\t\t\t\t\t\t\r\n\t\t<\/div>\r\n\t<\/div>\n","protected":false},"excerpt":{"rendered":"","protected":false},"author":1,"featured_media":913,"parent":0,"menu_order":2,"comment_status":"closed","ping_status":"closed","template":"kadra.php","meta":[],"_links":{"self":[{"href":"https:\/\/trampoline.edu.pl\/przedszkole\/wp-json\/wp\/v2\/pages\/1043"}],"collection":[{"href":"https:\/\/trampoline.edu.pl\/przedszkole\/wp-json\/wp\/v2\/pages"}],"about":[{"href":"https:\/\/trampoline.edu.pl\/przedszkole\/wp-json\/wp\/v2\/types\/page"}],"author":[{"embeddable":true,"href":"https:\/\/trampoline.edu.pl\/przedszkole\/wp-json\/wp\/v2\/users\/1"}],"replies":[{"embeddable":true,"href":"https:\/\/trampoline.edu.pl\/przedszkole\/wp-json\/wp\/v2\/comments?post=1043"}],"version-history":[{"count":4,"href":"https:\/\/trampoline.edu.pl\/przedszkole\/wp-json\/wp\/v2\/pages\/1043\/revisions"}],"predecessor-version":[{"id":1099,"href":"https:\/\/trampoline.edu.pl\/przedszkole\/wp-json\/wp\/v2\/pages\/1043\/revisions\/1099"}],"wp:featuredmedia":[{"embeddable":true,"href":"https:\/\/trampoline.edu.pl\/przedszkole\/wp-json\/wp\/v2\/media\/913"}],"wp:attachment":[{"href":"https:\/\/trampoline.edu.pl\/przedszkole\/wp-json\/wp\/v2\/media?parent=1043"}],"curies":[{"name":"wp","href":"https:\/\/api.w.org\/{rel}","templated":true}]}}