{"id":1054,"date":"2019-11-28T20:39:58","date_gmt":"2019-11-28T19:39:58","guid":{"rendered":"http:\/\/trampoline.edu.pl\/przedszkole\/?page_id=1054"},"modified":"2024-09-20T10:22:14","modified_gmt":"2024-09-20T08:22:14","slug":"zajecia-dodatkowe","status":"publish","type":"page","link":"https:\/\/trampoline.edu.pl\/przedszkole\/zajecia-dodatkowe\/?lang=fr","title":{"rendered":"Activit\u00e9s extrascolaires"},"content":{"rendered":"<div class=\"inside\">\n<p style=\"text-align: center;\">L&#8217;\u00e9cole maternelle Trampoline propose les activit\u00e9s extrascolaires suivantes:<br \/>\nLes activit\u00e9s extrascolaires commencent la premi\u00e8re semaine d&#8217;octobre.<\/p>\n<h3 style=\"text-align: center;\"><span style=\"color: #ffcc00;\">PROJECT MUSIQUE<\/span><\/h3>\n<p style=\"text-align: center;\">Ce sont des rencontres joyeuses et \u00e9nergiques avec la musique au cours desquelles nous donnons aux enfants l\u2019opportunit\u00e9 d\u2019apprendre de la musique d\u2019une mani\u00e8re unique. Le cours combine des \u00e9l\u00e9ments de rythmique (Dalcroze), de formation auditive (Kod\u00e1ly) et d&#8217;improvisation m\u00e9lodique-rythmique (Orff). L&#8217;objectif principal des cours est d&#8217;exp\u00e9rimenter\u00a0 la musique par le mouvement, le jeu, les instruments, le chant et la danse.<\/p>\n<p style=\"text-align: center;\">Age des participants: 3-6 ans \/ Nombre maximum de personnes: 12<\/p>\n<\/div>\n<p style=\"text-align: center;\">\n<h3 style=\"text-align: center;\"><span style=\"color: #ffcc00;\">MINDFULNESS POUR LES ENFANTS<\/span><\/h3>\n<p style=\"text-align: center;\">Des cours au cours desquels, gr\u00e2ce \u00e0 des techniques de Mindfulness adapt\u00e9es aux plus jeunes, les enfants d\u00e9velopperont leur capacit\u00e9 \u00e0 se concentrer, \u00e0 g\u00e9rer le stress, \u00e0 reconna\u00eetre leurs \u00e9motions, \u00e0 \u00eatre v\u00e9ritablement pr\u00e9sents au quotidien et \u00e0 s&#8217;accepter et \u00e0 accepter les autres \ud83d\ude42<br \/>\nLes cours seront dirig\u00e9s par notre Mme Magda Pstrzoch-Momot :), actrice et participante \u00e0 de nombreux cours et formations de la m\u00e9thode Mindfulness. Sa mission est d&#8217;initier les enfants au monde de la paix et de la pleine conscience et de leur apprendre \u00e0 reconna\u00eetre et \u00e0 ne pas trop s&#8217;impliquer dans les \u00e9motions que nous vivons.<\/p>\n<p style=\"text-align: center;\">Age des participants: 4-6 ans \/ Nombre maximum de personnes: 10<\/p>\n<h3 style=\"text-align: center;\"><span style=\"color: #ffcc00;\">DANSE DE SALON AVEC DES \u00c9L\u00c9MENTS DE DANSE CONTEMPORAINE<\/span><\/h3>\n<p style=\"text-align: center;\">Cours de danse pour les plus jeunes, au cours desquels les enfants apprendront les pas et techniques de base de la danse de salon et de la danse moderne. Pendant les cours, le r\u00f4le principal sera jou\u00e9 par l&#8217;activit\u00e9 physique, gr\u00e2ce \u00e0 laquelle nos petits \u00e9l\u00e8ves renforceront leur condition g\u00e9n\u00e9rale, am\u00e9lioreront la coordination motrice et le sens du rythme.<\/p>\n<p style=\"text-align: center;\">Age des participants: 3-6 ans \/ Nombre maximum de personnes: 14<\/p>\n<div class=\"inside\" style=\"text-align: center;\">\n<h3><span style=\"color: #ffcc00;\">FUNNY JUDO<\/span><\/h3>\n<p>L&#8217;essence des cours est avant tout le mouvement et le plaisir. Les entra\u00eenements sont bas\u00e9s sur des \u00e9l\u00e9ments de judo (apprendre \u00e0 chuter en toute s\u00e9curit\u00e9), ils contiennent \u00e9galement des \u00e9l\u00e9ments de gymnastique, des jeux, ainsi que divers types de t\u00e2ches de mise en forme. Les exercices sont souvent modifi\u00e9s, maintenus et planifi\u00e9s pour garder les enfants concentr\u00e9s.<\/p>\n<p>Age des participants: 3-5 ans \/ Nombre maximum de participants: 14<\/p>\n<h3 style=\"margin-top: 0cm; line-height: normal;\"><span style=\"color: #ffcc00;\">ENGLISH FOR BEGINNERS<\/span><\/h3>\n<p>Pendant les cours avec les groupes de d\u00e9butants, les enfants se familiariseront avec la m\u00e9lodie de la langue anglaise, apprendront \u00e0 r\u00e9pondre \u00e0 des instructions simples en anglais et apprendront le vocabulaire de base d\u00e9crivant leur environnement. L&#8217;apprentissage se fera en jouant, en chantant des chansons, en r\u00e9p\u00e9tant des comptines, en regardant des courts m\u00e9trages, en coloriant et en ex\u00e9cutant des \u0153uvres artistiques.<\/p>\n<p>Age des participants: 3-5 ans \/ Nombre maximum de participants: 12<\/p>\n<\/div>\n<h3 style=\"text-align: center;\"><span style=\"color: #ffcc00;\">LET&#8217;S GET MOVIN&#8217;KIDS<\/span><\/h3>\n<p class=\"itemFullText\" style=\"text-align: center;\">Des activit\u00e9s sportives, gr\u00e2ce auxquelles les enfants non seulement acqui\u00e8rent une meilleure condition physique, mais d\u00e9veloppent \u00e9galement des comp\u00e9tences qui leur seront utiles tout au long de leur<br \/>\nvie, comme la pers\u00e9v\u00e9rance, la confiance en soi et la capacit\u00e9 de coop\u00e9rer. les cours sont dispens\u00e9s par des coachs exp\u00e9riment\u00e9s dont le but est d&#8217;accompagner les enfants dans la ma\u00eetrise des comp\u00e9tences sportives de base dans une ambiance conviviale et solidaire.<\/p>\n<p class=\"itemFullText\" style=\"text-align: center;\">\nAge des participants: 4-6 ans \/ Nombre maximum de personnes: 10<\/p>\n","protected":false},"excerpt":{"rendered":"<p>L&#8217;\u00e9cole maternelle Trampoline propose les activit\u00e9s extrascolaires suivantes: Les activit\u00e9s extrascolaires commencent la premi\u00e8re semaine d&#8217;octobre. PROJECT MUSIQUE Ce sont des rencontres joyeuses et \u00e9nergiques avec la musique au cours desquelles nous donnons aux enfants l\u2019opportunit\u00e9 d\u2019apprendre de la musique d\u2019une mani\u00e8re unique. Le cours combine des \u00e9l\u00e9ments de rythmique (Dalcroze), de formation auditive (Kod\u00e1ly) [&hellip;]<\/p>\n","protected":false},"author":1,"featured_media":915,"parent":0,"menu_order":0,"comment_status":"closed","ping_status":"closed","template":"content.php","meta":[],"_links":{"self":[{"href":"https:\/\/trampoline.edu.pl\/przedszkole\/wp-json\/wp\/v2\/pages\/1054"}],"collection":[{"href":"https:\/\/trampoline.edu.pl\/przedszkole\/wp-json\/wp\/v2\/pages"}],"about":[{"href":"https:\/\/trampoline.edu.pl\/przedszkole\/wp-json\/wp\/v2\/types\/page"}],"author":[{"embeddable":true,"href":"https:\/\/trampoline.edu.pl\/przedszkole\/wp-json\/wp\/v2\/users\/1"}],"replies":[{"embeddable":true,"href":"https:\/\/trampoline.edu.pl\/przedszkole\/wp-json\/wp\/v2\/comments?post=1054"}],"version-history":[{"count":17,"href":"https:\/\/trampoline.edu.pl\/przedszkole\/wp-json\/wp\/v2\/pages\/1054\/revisions"}],"predecessor-version":[{"id":1329,"href":"https:\/\/trampoline.edu.pl\/przedszkole\/wp-json\/wp\/v2\/pages\/1054\/revisions\/1329"}],"wp:featuredmedia":[{"embeddable":true,"href":"https:\/\/trampoline.edu.pl\/przedszkole\/wp-json\/wp\/v2\/media\/915"}],"wp:attachment":[{"href":"https:\/\/trampoline.edu.pl\/przedszkole\/wp-json\/wp\/v2\/media?parent=1054"}],"curies":[{"name":"wp","href":"https:\/\/api.w.org\/{rel}","templated":true}]}}